{"id":5435,"date":"2020-04-02T11:48:38","date_gmt":"2020-04-02T11:48:38","guid":{"rendered":"http:\/\/jauns.jokerklubs.lv\/?page_id=5435"},"modified":"2024-02-15T20:24:56","modified_gmt":"2024-02-15T17:24:56","slug":"sign-up-for-newsletter","status":"publish","type":"page","link":"https:\/\/jokerklubs.lv\/en\/sign-up-for-newsletter\/","title":{"rendered":"Sign up for newsletter"},"content":{"rendered":"\t\t<div data-elementor-type=\"wp-page\" data-elementor-id=\"5435\" class=\"elementor elementor-5435 elementor-1510\" data-elementor-post-type=\"page\">\n\t\t\t\t\t\t\t\t\t<section data-particle_enable=\"false\" class=\"elementor-section elementor-top-section elementor-element elementor-element-14da2a4 elementor-section-boxed elementor-section-height-default elementor-section-height-default\" data-id=\"14da2a4\" data-element_type=\"section\">\n\t\t\t\t\t\t<div class=\"elementor-container elementor-column-gap-default\">\n\t\t\t\t\t<div class=\"elementor-column elementor-col-100 elementor-top-column elementor-element elementor-element-3c0d7e4\" data-id=\"3c0d7e4\" data-element_type=\"column\">\n\t\t\t<div class=\"elementor-widget-wrap elementor-element-populated\">\n\t\t\t\t\t\t\t\t<div class=\"elementor-element elementor-element-ea4207e elementor-invisible elementor-widget elementor-widget-heading\" data-id=\"ea4207e\" data-element_type=\"widget\" data-settings=\"{&quot;_animation&quot;:&quot;fadeIn&quot;}\" data-widget_type=\"heading.default\">\n\t\t\t\t<div class=\"elementor-widget-container\">\n\t\t\t<h2 class=\"elementor-heading-title elementor-size-default\">Sign up for newsletter!<\/h2>\t\t<\/div>\n\t\t\t\t<\/div>\n\t\t\t\t<section data-particle_enable=\"false\" class=\"elementor-section elementor-inner-section elementor-element elementor-element-015c49c elementor-section-boxed elementor-section-height-default elementor-section-height-default\" data-id=\"015c49c\" data-element_type=\"section\">\n\t\t\t\t\t\t<div class=\"elementor-container elementor-column-gap-default\">\n\t\t\t\t\t<div class=\"elementor-column elementor-col-50 elementor-inner-column elementor-element elementor-element-53e6077 elementor-invisible\" data-id=\"53e6077\" data-element_type=\"column\" data-settings=\"{&quot;animation&quot;:&quot;fadeInLeft&quot;}\">\n\t\t\t<div class=\"elementor-widget-wrap elementor-element-populated\">\n\t\t\t\t\t\t\t\t<div class=\"elementor-element elementor-element-0e5f3a4 elementor-widget elementor-widget-html\" data-id=\"0e5f3a4\" data-element_type=\"widget\" data-widget_type=\"html.default\">\n\t\t\t\t<div class=\"elementor-widget-container\">\n\t\t\t<!-- Begin Signup Form -->\n<script type=\"text\/javascript\">\n\tif (typeof jQuery == 'undefined') {\n\t\tdocument.write('<scr' + 'ipt type=\"text\/javascript\" src=\"https:\/\/list.mailigen.com\/js\/jquery.js\"><\/scr' + 'ipt>');\n\t}\n<\/script>\n<script language=\"javascript\" type=\"text\/javascript\" src=\"https:\/\/list.mailigen.com\/js\/scripts.js\"><\/script>\n<script language=\"javascript\" type=\"text\/javascript\" src=\"https:\/\/list.mailigen.com\/js\/subscribe3.0.js\"><\/script>\n<script language=\"javascript\" type=\"text\/javascript\">\njQuery(function(){ \n   jQuery('.MG-placeholder-1571695749404').MGsubscribe({ \n       type: 'inline'\n   });\n});\n<\/script>\n<div class=\"MG-placeholder-1571695749404\">\n<style type=\"text\/css\">\n\t.MG-placeholder-1571695749404,.MG-placeholder-1571695749404 .subtext a,\n\t.MG-placeholder-1571695749404 .formfields input.text,.MG-placeholder-1571695749404 .formfields select.text, .MG-placeholder-1571695749404 .formfields textarea.text \t{\n\t\tfont-family:Arial, Helvetica, 'sans-serif';\n\t\tfont-size:13px;\n\t}\n    .MG-placeholder-1571695749404,.MG-placeholder-1571695749404 .subtext a {\n        color:#37334a;\n    }\n\t.MG-placeholder-1571695749404 {\n\t\tpadding:0px;\n\t\t\t}\n\t.MG-placeholder-1571695749404 .clear {\n\t\tclear:both;\n\t\theight:0px;\n\t\tline-height:0px;\n\t\tfont-size:0px;\n\t\toverflow:hidden;\n\t}\n\t.MG-placeholder-1571695749404 a {\n\t\tcolor:#009cff;\n\t}\n\t.MG-placeholder-1571695749404 a:hover {\n\t\ttext-decoration:none;\n\t}\n\t.MG-placeholder-1571695749404 p {\n\t\tline-height:18px;\n\t}\n    .MG-placeholder-1571695749404 .reset-font {\n        font-size:0px;\n        line-height:0;\n        height:0px;\n        margin:0;\n        padding:0;\n    }\n\t.MG-placeholder-1571695749404 .formfields {\n\t\tposition:relative;\n\t\tbackground-color:#FFFFFF;\n\t\tborder-style:none;\n\t\twidth:500px;\n\t\tword-wrap: break-word;\n\t\tmargin:auto;\n\t}\n\t.MG-placeholder-1571695749404 .formfields,\n\t.MG-placeholder-1571695749404 .formfields input.text,.MG-placeholder-1571695749404 .formfields select.text, .MG-placeholder-1571695749404 .formfields textarea.text {\n\t\tborder-width:2px;\n\t\tborder-color:#DDDDDD;\n\t\t\t\tborder-radius:4px;\n\t\t\t}\n\t.MG-placeholder-1571695749404 .formfields h1 {\n\t\tmargin:0 0 5px 0;\n\t\tpadding:30px 20px;\n\t\t\t\tbackground-repeat:repeat;\t\tbackground-position:0px 0px;\t\tbackground-color:#FFFFFF;\n\t\tcolor:#37334a;\n\t\tfont-size:20px;\n        font-family:Arial, Helvetica, 'sans-serif';\n\t\t\t\tfont-weight:normal;\n\t}\n\t.MG-placeholder-1571695749404 #mg-footer {\n\t\t\t\tbackground-repeat:repeat;\t\tbackground-position:0px 0px;\t\tbackground-color:#F0F0F0;\n\t\theight:0px;\n\t\tline-height:0px;\n\t}\n\t.MG-placeholder-1571695749404 #logo {\n\t\t\t\tbackground-repeat:repeat;\t\tbackground-position:0px 0px;\t\theight:0px;\n\t\twidth:500px;\n\t\tmargin:5px auto;\n\t}\t.MG-placeholder-1571695749404 .formfields .ffields {\n\t\tmargin:0px 20px 5px;\n\t}\n\t.MG-placeholder-1571695749404 .formfields .ffields input.submit, .MG-placeholder-1571695749404 .formfields .ffields button, .MG-placeholder-1571695749404 .formfields .ffields a.button {\n\t    background-color: #009CFF;\n\t    border: 2px none #DDDDDD;\n\t    border-radius: 2px;\n        color: #FFFFFF;\n\t    font-family: Arial, Helvetica, \\'sans-serif\\';\n\t\tfont-size: 14px;\n\t\tpadding:12px 20px;\n        font-weight: bold;\n\t}\n    .MG-placeholder-1571695749404 .formfields .ffields a.button {\n        display: inline-block;\n        text-decoration: none;\n    }\n    .MG-placeholder-1571695749404 .mg_email_button {\n        display: inline-block;\n        width: 100%;\n    }\n    .MG-placeholder-1571695749404 .mg_email_button table {\n        overflow: hidden;\n        border-radius: 2px;\n        background-color: #009CFF;\n                border-width:2px;\n        border-color:#DDDDDD;\n        border-style:none;\n            }\n    .MG-placeholder-1571695749404 .mg_email_button td {\n        padding: 12px 20px;\n    }\n    .MG-placeholder-1571695749404 .mg_email_button a {\n        color: #FFFFFF;\n        display: block;\n        font-family: Arial, Helvetica, \\'sans-serif\\';\n        font-size: 14px;\n        font-weight: bold;\n        text-decoration: none;\n        text-align: center;\n        padding: 0;\n    }\n\t.MG-placeholder-1571695749404 .formfields textarea.text,\n\t.MG-placeholder-1571695749404 .formfields input.text, .MG-placeholder-1571695749404 .formfields select.text\t{\n\t\tborder-style:solid;\n\t\tpadding:5px;\n\t\twidth:95%;\n\t\tdisplay:block;\n        height: 32px;\n\t}\n\t.MG-placeholder-1571695749404 .formfields textarea.text {\n        width:97%;\n    }\n\t.MG-placeholder-1571695749404 .bforms {\n\t}\n\t.MG-placeholder-1571695749404 .bforms .tr {\n\t\tclear:both;\n\t\tmargin-bottom:18px;\n\t\tfloat:left;\n\t\twidth:99%;\n\t}\n\t.MG-placeholder-1571695749404 .bforms .tr .c1 {\n\t\t\t\t\t\tpadding-bottom:3px;\n\t\twidth:100%;\n\t\t\t\tfont-weight:bold;\n\t}\n    .MG-placeholder-1571695749404 .bforms .tr .c1 .subscribed-email {\n        font-weight: normal;\n    }\n\t.MG-placeholder-1571695749404 .bforms .tr .c2 {\n\t\t\t\twidth:100%;\n\t\t\t}\n\t.MG-placeholder-1571695749404 .bforms .tr .c3 {\n\t\tfloat:left;\n\t\twidth:4%;\n\t\tdisplay:none;\n\t}\n\t.MG-placeholder-1571695749404 .subtext, .MG-placeholder-1571695749404 .subtext a {\n\t\tfont-size:11px;\n\t}\n\t.MG-placeholder-1571695749404 .subtext {\n\t\tmargin:0px auto;\n\t\topacity:0.4;\n\t\tfilter:alpha(opacity=40);\n\t\tposition:absolute;\n\t\tleft:0px;\n\t\tbottom:-20px;\n\t\twidth:100%;\n\t}\n\t.MG-placeholder-1571695749404 .subtext-position {\n\t\tposition:relative;\n\t}\n\t.MG-placeholder-1571695749404 .subtext-position .subtext {\n\t\ttop:5px;\n\t}\n\t.MG-placeholder-1571695749404 .subtext a {\n\t\ttext-decoration:none;\n\t}\n\t.MG-placeholder-1571695749404 .subtext a:hover {\n\t\ttext-decoration:underline;\n\t}\n\t.MG-placeholder-1571695749404 .formfields .button {\n\t\ttext-align:left;\n\t}\n\t.MG-placeholder-1571695749404 .error {\n\t\tcolor:#d00;\n\t}\n\t.MG-placeholder-1571695749404 #error {\n\t\ttext-align:center;\n\t\tcolor:#d00;\n\t}\n\t.MG-placeholder-1571695749404 .hidden {\n\t\tdisplay:none;\n\t}\n\t.MG-placeholder-1571695749404 .mg_embed_close {\n\t\tfont-size:0px;\n\t\tbackground-image:url(https:\/\/list.mailigen.com\/img\/lightbox-close.png);\n\t\tbackground-repeat:repeat;\n\t\tbackground-position:0 0;\n\t\tbackground-color:transparent;\n\t\tbackground-attachment:scroll;\n\t\twidth:42px;\n\t\theight:42px;\n\t\ttext-decoration:none;\n\t\tposition:absolute;\n\t\ttop:-24px;\n\t\tright:-24px;\n\t}\n\t.MG-placeholder-1571695749404 .lists-wrapper {\n\t\tmargin: 10px 0 0 0;\n\t\tpadding: 10px 10px 0 10px;\n\t}\n    .MG-placeholder-1571695749404 .lists-wrapper-scroll {\n        border: 2px solid #DDDDDD;\n        max-height: 100px;\n        overflow-y: scroll;\n    }\n\t.MG-placeholder-1571695749404 .lists-wrapper .lists-element label i {\n\t\tmargin-left: 28px;\n        display: block;\n\t}\n\t.MG-placeholder-1571695749404 .lists-wrapper .lists-element .list-element-checkbox {\n\t\theight: 16px;\n\t\twidth: 16px;\n\t}\n\t.MG-placeholder-1571695749404 .formfields #mg-content {\n\t\tmargin-bottom: 20px;\n\t}\n    .MG-placeholder-1571695749404 .formfields .ffields button#formSubmit:disabled {\n        background: #d7d6db;\n    }\n            .MG-placeholder-1571695749404 .subscribe {\n            background: transparent !important;\n        }\n        .MG-placeholder-1571695749404 #subscribe {\n            background: transparent !important;\n        }\n        .MG-placeholder-1571695749404 .subtext, .MG-placeholder-1571695749404 .subtext a {\n            color: #ffffff;\n        }\n    <\/style>\n<form name=\"subscribe\" class=\"subscribe\" action=\"https:\/\/list.mailigen.com\/subscribe\/post\" method=\"post\">\n\t\t<input type=\"hidden\" name=\"subscribe\" value=\"true\">\n\t\t<input type=\"hidden\" name=\"ln\" value=\"lv\">\n\t\t<input type=\"hidden\" name=\"u\" value=\"72ef2fc1cea3380b1121252868f1ff6f\">\n\t\t<input type=\"hidden\" name=\"id\" value=\"160cd49b\">\n\t\t<div id=\"logo\"><font class=\"reset-font\"><br><\/font><\/div>\n\t\t<div class=\"formfields\" id=\"formfields\">\n\t\t\t<a href=\"#\" id=\"mg_embed_close\" class=\"mg_embed_close\" style=\"display:none;\">Aizv\u0113rt<\/a>\n            <!--[if mso]><div id=\"mso-style\" style=\"text-indent: 20px\"><![endif]-->\n\t\t\t<h1>Water relaxation center: open for your beauty and wellness<\/h1>\n            <!--[if mso]><\/div><![endif]-->\n\t\t\t<div class=\"ffields customformstyle\" style=\"margin-bottom: 28px\">\n\t\t\t\t<div id=\"mg-content\"><\/div><div id=\"error\" class=\"global-error\"><\/div>\n\t\t\t\t<div class=\"bforms\">\n\t\t\t\t\t<div class=\"tr require\" id=\"merge-0\">\n\t\t\t\t\t\t<div class=\"c1\">E-mail address *<\/div>\n\t\t\t\t\t\t<div class=\"c2\">\n\t\t\t\t\t\t\t<input type=\"text\" class=\"text\" name=\"merge[0]\" accept=\"email\" value=\"\">\n\t\t\t\t\t\t<\/div>\n\t\t\t\t\t\t<div class=\"c3\"><\/div>\n\t\t\t\t\t<\/div>\n\t\t\t\t\t<div class=\"tr norequire\" id=\"merge-1\">\n\t\t\t\t\t\t<div class=\"c1\">Name* <\/div>\n\t\t\t\t\t\t<div class=\"c2\">\n\t\t\t\t\t\t\t<input type=\"text\" class=\"text\" name=\"merge[1]\" accept=\"text\" value=\"\">\n\t\t\t\t\t\t<\/div>\n\t\t\t\t\t\t<div class=\"c3\"><\/div>\n\t\t\t\t\t<\/div>\n\t\t\t\t\t<div class=\"tr norequire\" id=\"merge-2\">\n\t\t\t\t\t\t<div class=\"c1\">Surname* <\/div>\n\t\t\t\t\t\t<div class=\"c2\">\n\t\t\t\t\t\t\t<input type=\"text\" class=\"text\" name=\"merge[2]\" accept=\"text\" value=\"\">\n\t\t\t\t\t\t<\/div>\n\t\t\t\t\t\t<div class=\"c3\"><\/div>\n\t\t\t\t\t<\/div><br class=\"clear\"><\/div><br><div class=\"button\" style=\"text-align:left\"><button id=\"formSubmit\" name=\"submit\" type=\"submit\">Sign up<\/button><input type=\"image\" name=\"submit\" alt=\"Parakst\u012bties\" src=\"\" style=\"display:none\"><\/div>\n\t\t\t\t<div class=\"clear\"><\/div>\n\t\t\t<\/div>\n\t\t\t<div id=\"mg-footer\"><font class=\"reset-font\"><br><\/font><\/div>\n\t\t\t<div class=\"subtext-position\"><div class=\"subtext\">\n\t\t\t\t<div style=\"float:left;\" class=\"label-mem\">Mailigen <a href=\"https:\/\/www.mailigen.com\/\" target=\"_blank\" title=\"E-pasta m\u0101rketings\">e-pasta m\u0101rketings<\/a><\/div>\n\t\t\t\t<div style=\"float:right;\" class=\"label-rf\">* Oblig\u0101tie lauki<\/div>\n\t\t\t<\/div><\/div>\n\t\t<\/div>\n\t\t<div><font class=\"reset-font\"><br><\/font><\/div>\n\t\t\n<\/form>\n<\/div>\n<!-- End Signup Form -->\t\t<\/div>\n\t\t\t\t<\/div>\n\t\t\t\t\t<\/div>\n\t\t<\/div>\n\t\t\t\t<div class=\"elementor-column elementor-col-50 elementor-inner-column elementor-element elementor-element-c836613 elementor-invisible\" data-id=\"c836613\" data-element_type=\"column\" data-settings=\"{&quot;animation&quot;:&quot;fadeInRight&quot;}\">\n\t\t\t<div class=\"elementor-widget-wrap elementor-element-populated\">\n\t\t\t\t\t\t\t\t<div class=\"elementor-element elementor-element-0fc56ea elementor-widget elementor-widget-image\" data-id=\"0fc56ea\" data-element_type=\"widget\" data-widget_type=\"image.default\">\n\t\t\t\t<div class=\"elementor-widget-container\">\n\t\t\t\t\t\t\t\t\t\t\t\t\t\t\t<img decoding=\"async\" loading=\"lazy\" width=\"1824\" height=\"1368\" src=\"https:\/\/jokerklubs.lv\/wp-content\/uploads\/2019\/10\/50333892_2252976608066850_1153094149407244288_o.jpg\" class=\"attachment-full size-full wp-image-1609\" alt=\"50333892 2252976608066850 1153094149407244288 o\" srcset=\"https:\/\/jokerklubs.lv\/wp-content\/uploads\/2019\/10\/50333892_2252976608066850_1153094149407244288_o.jpg 1824w, https:\/\/jokerklubs.lv\/wp-content\/uploads\/2019\/10\/50333892_2252976608066850_1153094149407244288_o-300x225.jpg 300w, https:\/\/jokerklubs.lv\/wp-content\/uploads\/2019\/10\/50333892_2252976608066850_1153094149407244288_o-768x576.jpg 768w, https:\/\/jokerklubs.lv\/wp-content\/uploads\/2019\/10\/50333892_2252976608066850_1153094149407244288_o-1024x768.jpg 1024w, https:\/\/jokerklubs.lv\/wp-content\/uploads\/2019\/10\/50333892_2252976608066850_1153094149407244288_o-600x450.jpg 600w\" sizes=\"(max-width: 1824px) 100vw, 1824px\" \/>\t\t\t\t\t\t\t\t\t\t\t\t\t\t\t<\/div>\n\t\t\t\t<\/div>\n\t\t\t\t\t<\/div>\n\t\t<\/div>\n\t\t\t\t\t\t\t<\/div>\n\t\t<\/section>\n\t\t\t\t\t<\/div>\n\t\t<\/div>\n\t\t\t\t\t\t\t<\/div>\n\t\t<\/section>\n\t\t\t\t\t\t\t<\/div>\n\t\t","protected":false},"excerpt":{"rendered":"<p>Sign up for newsletter! Aizv\u0113rt Water relaxation center: open for your beauty and wellness E-mail address * Name* Surname* Sign up Mailigen e-pasta m\u0101rketings * Oblig\u0101tie lauki<\/p>\n","protected":false},"author":9,"featured_media":0,"parent":0,"menu_order":0,"comment_status":"closed","ping_status":"closed","template":"","meta":{"inline_featured_image":false,"footnotes":""},"aioseo_notices":[],"_links":{"self":[{"href":"https:\/\/jokerklubs.lv\/en\/wp-json\/wp\/v2\/pages\/5435"}],"collection":[{"href":"https:\/\/jokerklubs.lv\/en\/wp-json\/wp\/v2\/pages"}],"about":[{"href":"https:\/\/jokerklubs.lv\/en\/wp-json\/wp\/v2\/types\/page"}],"author":[{"embeddable":true,"href":"https:\/\/jokerklubs.lv\/en\/wp-json\/wp\/v2\/users\/9"}],"replies":[{"embeddable":true,"href":"https:\/\/jokerklubs.lv\/en\/wp-json\/wp\/v2\/comments?post=5435"}],"version-history":[{"count":15,"href":"https:\/\/jokerklubs.lv\/en\/wp-json\/wp\/v2\/pages\/5435\/revisions"}],"predecessor-version":[{"id":17042,"href":"https:\/\/jokerklubs.lv\/en\/wp-json\/wp\/v2\/pages\/5435\/revisions\/17042"}],"wp:attachment":[{"href":"https:\/\/jokerklubs.lv\/en\/wp-json\/wp\/v2\/media?parent=5435"}],"curies":[{"name":"wp","href":"https:\/\/api.w.org\/{rel}","templated":true}]}}