{"id":6047,"date":"2021-03-30T06:21:21","date_gmt":"2021-03-30T06:21:21","guid":{"rendered":"http:\/\/jauns.jokerklubs.lv\/?page_id=6047"},"modified":"2024-02-09T11:40:39","modified_gmt":"2024-02-09T08:40:39","slug":"juris-porietis-treneris-eng","status":"publish","type":"page","link":"https:\/\/jokerklubs.lv\/en\/juris-porietis-treneris-eng\/","title":{"rendered":"Juris Porietis \u2013 Treneris ENG"},"content":{"rendered":"\t\t<div data-elementor-type=\"wp-post\" data-elementor-id=\"6047\" class=\"elementor elementor-6047 elementor-1754\" data-elementor-post-type=\"page\">\n\t\t\t\t\t\t\t\t\t<section data-particle_enable=\"false\" class=\"elementor-section elementor-top-section elementor-element elementor-element-6c0f0e3 elementor-section-boxed elementor-section-height-default elementor-section-height-default elementor-invisible\" data-id=\"6c0f0e3\" data-element_type=\"section\" data-settings=\"{&quot;animation&quot;:&quot;zoomIn&quot;}\">\n\t\t\t\t\t\t<div class=\"elementor-container elementor-column-gap-default\">\n\t\t\t\t\t<div class=\"elementor-column elementor-col-50 elementor-top-column elementor-element elementor-element-fbbabe2\" data-id=\"fbbabe2\" data-element_type=\"column\">\n\t\t\t<div class=\"elementor-widget-wrap elementor-element-populated\">\n\t\t\t\t\t\t\t\t<div class=\"elementor-element elementor-element-1f31643 elementor-widget elementor-widget-image\" data-id=\"1f31643\" data-element_type=\"widget\" data-widget_type=\"image.default\">\n\t\t\t\t<div class=\"elementor-widget-container\">\n\t\t\t\t\t\t\t\t\t\t\t\t\t\t\t<img decoding=\"async\" loading=\"lazy\" width=\"1920\" height=\"1272\" src=\"https:\/\/jokerklubs.lv\/wp-content\/uploads\/2019\/10\/2-t-zale.jpg\" class=\"attachment-full size-full wp-image-1581\" alt=\"2 t zale\" srcset=\"https:\/\/jokerklubs.lv\/wp-content\/uploads\/2019\/10\/2-t-zale.jpg 1920w, https:\/\/jokerklubs.lv\/wp-content\/uploads\/2019\/10\/2-t-zale-300x199.jpg 300w, https:\/\/jokerklubs.lv\/wp-content\/uploads\/2019\/10\/2-t-zale-768x509.jpg 768w, https:\/\/jokerklubs.lv\/wp-content\/uploads\/2019\/10\/2-t-zale-1024x678.jpg 1024w, https:\/\/jokerklubs.lv\/wp-content\/uploads\/2019\/10\/2-t-zale-600x398.jpg 600w\" sizes=\"(max-width: 1920px) 100vw, 1920px\" \/>\t\t\t\t\t\t\t\t\t\t\t\t\t\t\t<\/div>\n\t\t\t\t<\/div>\n\t\t\t\t\t<\/div>\n\t\t<\/div>\n\t\t\t\t<div class=\"elementor-column elementor-col-50 elementor-top-column elementor-element elementor-element-8c79d24\" data-id=\"8c79d24\" data-element_type=\"column\">\n\t\t\t<div class=\"elementor-widget-wrap elementor-element-populated\">\n\t\t\t\t\t\t\t\t<div class=\"elementor-element elementor-element-1c11632 elementor-invisible elementor-widget elementor-widget-heading\" data-id=\"1c11632\" data-element_type=\"widget\" data-settings=\"{&quot;_animation&quot;:&quot;fadeIn&quot;}\" data-widget_type=\"heading.default\">\n\t\t\t\t<div class=\"elementor-widget-container\">\n\t\t\t<h1 class=\"elementor-heading-title elementor-size-default\">Juris Porietis - Treneris<\/h1>\t\t<\/div>\n\t\t\t\t<\/div>\n\t\t\t\t<div class=\"elementor-element elementor-element-d8219b7 elementor-mobile-align-left elementor-icon-list--layout-traditional elementor-list-item-link-full_width elementor-widget elementor-widget-icon-list\" data-id=\"d8219b7\" data-element_type=\"widget\" data-widget_type=\"icon-list.default\">\n\t\t\t\t<div class=\"elementor-widget-container\">\n\t\t\t\t\t<ul class=\"elementor-icon-list-items\">\n\t\t\t\t\t\t\t<li class=\"elementor-icon-list-item\">\n\t\t\t\t\t\t\t\t\t\t\t<span class=\"elementor-icon-list-icon\">\n\t\t\t\t\t\t\t<i aria-hidden=\"true\" class=\"fas fa-check\"><\/i>\t\t\t\t\t\t<\/span>\n\t\t\t\t\t\t\t\t\t\t<span class=\"elementor-icon-list-text\">vada individu\u0101las nodarb\u012bbas trena\u017eieru z\u0101l\u0113;<\/span>\n\t\t\t\t\t\t\t\t\t<\/li>\n\t\t\t\t\t\t\t\t<li class=\"elementor-icon-list-item\">\n\t\t\t\t\t\t\t\t\t\t\t<span class=\"elementor-icon-list-icon\">\n\t\t\t\t\t\t\t<i aria-hidden=\"true\" class=\"fas fa-check\"><\/i>\t\t\t\t\t\t<\/span>\n\t\t\t\t\t\t\t\t\t\t<span class=\"elementor-icon-list-text\">pl\u0101no nodarb\u012bbu saturu un gaitu, izstr\u0101d\u0101 klientiem individu\u0101lu treni\u0146u programmu.<\/span>\n\t\t\t\t\t\t\t\t\t<\/li>\n\t\t\t\t\t\t<\/ul>\n\t\t\t\t<\/div>\n\t\t\t\t<\/div>\n\t\t\t\t<div class=\"elementor-element elementor-element-0452a2b elementor-invisible elementor-widget elementor-widget-text-editor\" data-id=\"0452a2b\" data-element_type=\"widget\" data-settings=\"{&quot;_animation&quot;:&quot;fadeIn&quot;}\" data-widget_type=\"text-editor.default\">\n\t\t\t\t<div class=\"elementor-widget-container\">\n\t\t\t\t\t\t\t<p><strong>Izgl\u012bt\u012bba:<\/strong><br \/>Beidzis Latvijas Sporta pedago\u0123ijas akad\u0113miju, smagatl\u0113tikas treneris, sporta mened\u017eeris, sertific\u0113ts masieris.<\/p><p><strong>Iesak\u0101m:<\/strong><\/p>\t\t\t\t\t\t<\/div>\n\t\t\t\t<\/div>\n\t\t\t\t<div class=\"elementor-element elementor-element-81aaf94 elementor-icon-list--layout-traditional elementor-list-item-link-full_width elementor-widget elementor-widget-icon-list\" data-id=\"81aaf94\" data-element_type=\"widget\" data-widget_type=\"icon-list.default\">\n\t\t\t\t<div class=\"elementor-widget-container\">\n\t\t\t\t\t<ul class=\"elementor-icon-list-items\">\n\t\t\t\t\t\t\t<li class=\"elementor-icon-list-item\">\n\t\t\t\t\t\t\t\t\t\t\t<span class=\"elementor-icon-list-icon\">\n\t\t\t\t\t\t\t<i aria-hidden=\"true\" class=\"fas fa-check\"><\/i>\t\t\t\t\t\t<\/span>\n\t\t\t\t\t\t\t\t\t\t<span class=\"elementor-icon-list-text\">Klientiem, kas v\u0113las uzs\u0101kt intens\u012bvus treni\u0146us.<\/span>\n\t\t\t\t\t\t\t\t\t<\/li>\n\t\t\t\t\t\t<\/ul>\n\t\t\t\t<\/div>\n\t\t\t\t<\/div>\n\t\t\t\t<div class=\"elementor-element elementor-element-3f12280 elementor-widget elementor-widget-text-editor\" data-id=\"3f12280\" data-element_type=\"widget\" data-widget_type=\"text-editor.default\">\n\t\t\t\t<div class=\"elementor-widget-container\">\n\t\t\t\t\t\t\t<p><a href=\"\/sporta-nodarbibas-un-aktivitates\/aerobikas-un-fitnesa-treneri\/\"> Apskat\u012bt citus trenerus<\/a><\/p>\t\t\t\t\t\t<\/div>\n\t\t\t\t<\/div>\n\t\t\t\t\t<\/div>\n\t\t<\/div>\n\t\t\t\t\t\t\t<\/div>\n\t\t<\/section>\n\t\t\t\t\t\t\t<\/div>\n\t\t","protected":false},"excerpt":{"rendered":"<p>Juris Porietis &#8211; Treneris vada individu\u0101las nodarb\u012bbas trena\u017eieru z\u0101l\u0113; pl\u0101no nodarb\u012bbu saturu un gaitu, izstr\u0101d\u0101 klientiem individu\u0101lu treni\u0146u programmu. Izgl\u012bt\u012bba:Beidzis Latvijas Sporta pedago\u0123ijas akad\u0113miju, smagatl\u0113tikas treneris, sporta mened\u017eeris, sertific\u0113ts masieris. Iesak\u0101m: Klientiem, kas v\u0113las uzs\u0101kt intens\u012bvus treni\u0146us. Apskat\u012bt citus trenerus<\/p>\n","protected":false},"author":9,"featured_media":0,"parent":0,"menu_order":0,"comment_status":"closed","ping_status":"closed","template":"","meta":{"inline_featured_image":false,"footnotes":""},"aioseo_notices":[],"_links":{"self":[{"href":"https:\/\/jokerklubs.lv\/en\/wp-json\/wp\/v2\/pages\/6047"}],"collection":[{"href":"https:\/\/jokerklubs.lv\/en\/wp-json\/wp\/v2\/pages"}],"about":[{"href":"https:\/\/jokerklubs.lv\/en\/wp-json\/wp\/v2\/types\/page"}],"author":[{"embeddable":true,"href":"https:\/\/jokerklubs.lv\/en\/wp-json\/wp\/v2\/users\/9"}],"replies":[{"embeddable":true,"href":"https:\/\/jokerklubs.lv\/en\/wp-json\/wp\/v2\/comments?post=6047"}],"version-history":[{"count":11,"href":"https:\/\/jokerklubs.lv\/en\/wp-json\/wp\/v2\/pages\/6047\/revisions"}],"predecessor-version":[{"id":17091,"href":"https:\/\/jokerklubs.lv\/en\/wp-json\/wp\/v2\/pages\/6047\/revisions\/17091"}],"wp:attachment":[{"href":"https:\/\/jokerklubs.lv\/en\/wp-json\/wp\/v2\/media?parent=6047"}],"curies":[{"name":"wp","href":"https:\/\/api.w.org\/{rel}","templated":true}]}}