{"id":29872,"date":"2025-11-07T12:57:57","date_gmt":"2025-11-07T09:57:57","guid":{"rendered":"https:\/\/jokerklubs.lv\/?post_type=product&#038;p=29872"},"modified":"2025-11-07T13:07:26","modified_gmt":"2025-11-07T10:07:26","slug":"multi-vita-intensive-multivitamin-anti-age-ritual","status":"publish","type":"product","link":"https:\/\/jokerklubs.lv\/en\/products\/multi-vita-intensive-multivitamin-anti-age-ritual\/","title":{"rendered":"Multi-Vita \u2013 Intensive Multivitamin Anti-Age Ritual"},"content":{"rendered":"<p data-start=\"95\" data-end=\"423\">The Multi-Vita treatment is designed for mature skin to effectively target visible signs of aging such as wrinkles, loss of firmness, and elasticity. The ritual includes several stages: cleansing, serum application, a bamboo stick or manual massage, d\u00e9collet\u00e9 and hand massage, followed by a special mask and nourishing cream.<\/p>\n<p data-start=\"425\" data-end=\"808\">The key active ingredients feature the patented <strong data-start=\"473\" data-end=\"493\">C\u00e9v\u00e9bl\u00e9\u00ae complex<\/strong> (plant ceramides and essential fatty acids) as well as <strong data-start=\"549\" data-end=\"574\">multivitamins C and E<\/strong>, which restore skin tone, enhance radiance, and strengthen the skin\u2019s structure. As a result, the skin appears fresher, firmer, and more luminous \u2014 perfect for when your skin needs an \u201cenergy boost\u201d and a visible anti-aging effect.<\/p>\n<p data-start=\"810\" data-end=\"913\">Suitable for all mature skin types and recommended as part of a course to maintain long-term results.<\/p>\n<p>&nbsp;<\/p>\n<p><strong>*Prior registration is required<\/strong><\/p>\n<p><strong>*Validity of the gift card: 12 months<\/strong><\/p>\n","protected":false},"excerpt":{"rendered":"<p>The Multi-Vita treatment is designed for mature skin to effectively target visible signs of aging such as wrinkles, loss of firmness, and elasticity. The ritual includes several stages: cleansing, serum application, a bamboo stick or manual massage, d\u00e9collet\u00e9 and hand massage, followed by a special mask and nourishing cream. The key active ingredients feature the [&hellip;]<\/p>\n","protected":false},"featured_media":29877,"comment_status":"closed","ping_status":"closed","template":"","meta":{"inline_featured_image":false},"product_cat":[167,165],"product_tag":[],"giftcard-category":[],"aioseo_notices":[],"_links":{"self":[{"href":"https:\/\/jokerklubs.lv\/en\/wp-json\/wp\/v2\/product\/29872"}],"collection":[{"href":"https:\/\/jokerklubs.lv\/en\/wp-json\/wp\/v2\/product"}],"about":[{"href":"https:\/\/jokerklubs.lv\/en\/wp-json\/wp\/v2\/types\/product"}],"replies":[{"embeddable":true,"href":"https:\/\/jokerklubs.lv\/en\/wp-json\/wp\/v2\/comments?post=29872"}],"wp:featuredmedia":[{"embeddable":true,"href":"https:\/\/jokerklubs.lv\/en\/wp-json\/wp\/v2\/media\/29877"}],"wp:attachment":[{"href":"https:\/\/jokerklubs.lv\/en\/wp-json\/wp\/v2\/media?parent=29872"}],"wp:term":[{"taxonomy":"product_cat","embeddable":true,"href":"https:\/\/jokerklubs.lv\/en\/wp-json\/wp\/v2\/product_cat?post=29872"},{"taxonomy":"product_tag","embeddable":true,"href":"https:\/\/jokerklubs.lv\/en\/wp-json\/wp\/v2\/product_tag?post=29872"},{"taxonomy":"giftcard-category","embeddable":true,"href":"https:\/\/jokerklubs.lv\/en\/wp-json\/wp\/v2\/giftcard-category?post=29872"}],"curies":[{"name":"wp","href":"https:\/\/api.w.org\/{rel}","templated":true}]}}