{"id":10901,"date":"2023-08-07T16:27:18","date_gmt":"2023-08-07T13:27:18","guid":{"rendered":"https:\/\/jokerklubs.lv\/?page_id=10901"},"modified":"2025-03-24T15:52:11","modified_gmt":"2025-03-24T12:52:11","slug":"%d0%bf%d1%80%d0%b0%d0%b2%d0%b8%d0%bb%d0%b0-%d0%bf%d0%be%d0%bb%d1%8c%d0%b7%d0%be%d0%b2%d0%b0%d0%bd%d0%b8%d1%8f-%d0%b0%d0%b2%d1%82%d0%be%d1%81%d1%82%d0%be%d1%8f%d0%bd%d0%ba%d0%be%d0%b9-joker-klubs","status":"publish","type":"page","link":"https:\/\/jokerklubs.lv\/ru\/%d0%bf%d1%80%d0%b0%d0%b2%d0%b8%d0%bb%d0%b0-%d0%bf%d0%be%d0%bb%d1%8c%d0%b7%d0%be%d0%b2%d0%b0%d0%bd%d0%b8%d1%8f-%d0%b0%d0%b2%d1%82%d0%be%d1%81%d1%82%d0%be%d1%8f%d0%bd%d0%ba%d0%be%d0%b9-joker-klubs\/","title":{"rendered":"\u041f\u0440\u0430\u0432\u0438\u043b\u0430 \u043f\u043e\u043b\u044c\u0437\u043e\u0432\u0430\u043d\u0438\u044f \u0430\u0432\u0442\u043e\u0441\u0442\u043e\u044f\u043d\u043a\u043e\u0439 Joker klubs"},"content":{"rendered":"\t\t<div data-elementor-type=\"wp-page\" data-elementor-id=\"10901\" class=\"elementor elementor-10901 elementor-8150\" data-elementor-post-type=\"page\">\n\t\t\t\t\t\t\t\t\t<section data-particle_enable=\"false\" class=\"elementor-section elementor-top-section elementor-element elementor-element-5758c25 elementor-section-full_width elementor-section-height-default elementor-section-height-default elementor-invisible\" data-id=\"5758c25\" data-element_type=\"section\" data-settings=\"{&quot;background_background&quot;:&quot;slideshow&quot;,&quot;animation&quot;:&quot;fadeIn&quot;,&quot;background_motion_fx_translateY_effect&quot;:&quot;yes&quot;,&quot;background_motion_fx_translateY_speed&quot;:{&quot;unit&quot;:&quot;px&quot;,&quot;size&quot;:5.9,&quot;sizes&quot;:[]},&quot;background_motion_fx_mouseTrack_effect&quot;:&quot;yes&quot;,&quot;background_motion_fx_mouseTrack_speed&quot;:{&quot;unit&quot;:&quot;px&quot;,&quot;size&quot;:1.4,&quot;sizes&quot;:[]},&quot;background_slideshow_gallery&quot;:[{&quot;id&quot;:8000,&quot;url&quot;:&quot;https:\\\/\\\/jokerklubs.lv\\\/wp-content\\\/uploads\\\/2022\\\/03\\\/par_klubu_1.jpg&quot;},{&quot;id&quot;:8003,&quot;url&quot;:&quot;https:\\\/\\\/jokerklubs.lv\\\/wp-content\\\/uploads\\\/2022\\\/03\\\/par_klubu_2.jpg&quot;},{&quot;id&quot;:8006,&quot;url&quot;:&quot;https:\\\/\\\/jokerklubs.lv\\\/wp-content\\\/uploads\\\/2022\\\/03\\\/par_klubu_3.jpg&quot;},{&quot;id&quot;:8009,&quot;url&quot;:&quot;https:\\\/\\\/jokerklubs.lv\\\/wp-content\\\/uploads\\\/2022\\\/03\\\/par_klubu_4.jpg&quot;}],&quot;background_slideshow_loop&quot;:&quot;yes&quot;,&quot;background_slideshow_slide_duration&quot;:5000,&quot;background_slideshow_slide_transition&quot;:&quot;fade&quot;,&quot;background_slideshow_transition_duration&quot;:500,&quot;background_motion_fx_translateY_affectedRange&quot;:{&quot;unit&quot;:&quot;%&quot;,&quot;size&quot;:&quot;&quot;,&quot;sizes&quot;:{&quot;start&quot;:0,&quot;end&quot;:100}},&quot;background_motion_fx_devices&quot;:[&quot;desktop&quot;,&quot;tablet&quot;,&quot;mobile&quot;]}\">\n\t\t\t\t\t\t<div class=\"elementor-container elementor-column-gap-default\">\n\t\t\t\t\t<div class=\"elementor-column elementor-col-100 elementor-top-column elementor-element elementor-element-b4d599b\" data-id=\"b4d599b\" data-element_type=\"column\">\n\t\t\t<div class=\"elementor-widget-wrap elementor-element-populated\">\n\t\t\t\t\t\t\t\t<div class=\"elementor-element elementor-element-20fe998 elementor-widget elementor-widget-spacer\" data-id=\"20fe998\" data-element_type=\"widget\" data-widget_type=\"spacer.default\">\n\t\t\t\t<div class=\"elementor-widget-container\">\n\t\t\t\t\t<div class=\"elementor-spacer\">\n\t\t\t<div class=\"elementor-spacer-inner\"><\/div>\n\t\t<\/div>\n\t\t\t\t<\/div>\n\t\t\t\t<\/div>\n\t\t\t\t\t<\/div>\n\t\t<\/div>\n\t\t\t\t\t\t\t<\/div>\n\t\t<\/section>\n\t\t\t\t<section data-particle_enable=\"false\" class=\"elementor-section elementor-top-section elementor-element elementor-element-1429f9b elementor-section-boxed elementor-section-height-default elementor-section-height-default elementor-invisible\" data-id=\"1429f9b\" data-element_type=\"section\" data-settings=\"{&quot;animation&quot;:&quot;fadeIn&quot;}\">\n\t\t\t\t\t\t<div class=\"elementor-container elementor-column-gap-default\">\n\t\t\t\t\t<div class=\"elementor-column elementor-col-100 elementor-top-column elementor-element elementor-element-9a623bb\" data-id=\"9a623bb\" data-element_type=\"column\">\n\t\t\t<div class=\"elementor-widget-wrap elementor-element-populated\">\n\t\t\t\t\t\t\t\t<div class=\"elementor-element elementor-element-116fd4a elementor-widget elementor-widget-text-editor\" data-id=\"116fd4a\" data-element_type=\"widget\" data-widget_type=\"text-editor.default\">\n\t\t\t\t<div class=\"elementor-widget-container\">\n\t\t\t\t\t\t\t<h1><b>AUTOST\u0100VVIETAS IZMANTO\u0160ANAS NOTEIKUMI<\/b><\/h1>\n\t\t\t\t\t\t<\/div>\n\t\t\t\t<\/div>\n\t\t\t\t<div class=\"elementor-element elementor-element-fe14c6e elementor-widget elementor-widget-text-editor\" data-id=\"fe14c6e\" data-element_type=\"widget\" data-widget_type=\"text-editor.default\">\n\t\t\t\t<div class=\"elementor-widget-container\">\n\t\t\t\t\t\t\t<p><strong>Visp\u0101r\u012bgie noteikumi<\/strong><br \/>1. Joker kluba (turpm\u0101k \u2013 Klubs) automa\u0161\u012bnu st\u0101vlaukuma (turpm\u0101k \u2013 st\u0101vlaukums) izmanto\u0161anas<br \/>noteikumi (turpm\u0101k \u2013 noteikumi) nosaka k\u0101rt\u012bbu, k\u0101d\u0101 novietojams autotransports st\u0101vlaukuma<br \/>st\u0101vviet\u0101s un veicama apmaksa par st\u0101vvietas izmanto\u0161anu.<br \/>2. Noteikumi ir saisto\u0161i visiem st\u0101vlaukuma lietot\u0101jiem (turpm\u0101k \u2013 Klients), kas novietoju\u0161i<br \/>transportl\u012bdzekli st\u0101vviet\u0101.<br \/>3. St\u0101vlaukums ir priv\u0101t\u012bpa\u0161ums un t\u0101 \u012bpa\u0161niekam (turpm\u0101k \u2013 Uz\u0146\u0113mums) ir ties\u012bbas atteikties no<br \/>st\u0101vvietas pakalpojuma snieg\u0161anas jebkurai personai, nepaskaidrojot atteikuma iemeslu.<br \/>4. St\u0101vviet\u0101 at\u013cauts novietot tikai re\u0123istr\u0113tu transportl\u012bdzekli ar valsts re\u0123istr\u0101cijas numura z\u012bm\u0113m.<br \/>5. St\u0101vvietas lieto\u0161anas noteikumu p\u0101rk\u0101puma gad\u012bjum\u0101 Uz\u0146\u0113mums ir ties\u012bgs veikt transportl\u012bdzek\u013ca<br \/>p\u0101rvieto\u0161anu vai evaku\u0113\u0161anu.<\/p>\n<p><strong>St\u0101vlaukuma darba laiks<\/strong><br \/>6. St\u0101vlaukuma darba laiks ir no 00:00 l\u012bdz 24:00.<br \/>7. Nepiecie\u0161am\u012bbas gad\u012bjum\u0101 Uz\u0146\u0113mums ir ties\u012bgs ierobe\u017eot vai aizliegt st\u0101vlaukuma lieto\u0161anu t\u0101<br \/>darba laik\u0101.<\/p>\n<p><strong>Autost\u0101vvietas lieto\u0161anas k\u0101rt\u012bba<\/strong><\/p>\n<p><span style=\"font-size: 11.5pt;\">8. Iebraucot st\u0101vlaukum\u0101: st\u0101vlaukuma barjera pace\u013cas autom\u0101tiski; <\/span><\/p>\n<p><em><span style=\"font-size: 11.5pt;\">8.1. videoiek\u0101rta nolasa un ataino uz displeja transportl\u012bdzek\u013ca re\u0123istr\u0101cijas numuru. <\/span><\/em><\/p>\n<p><span style=\"font-size: 11.5pt;\">9. Izbraucot no st\u0101vlaukuma: videoiek\u0101rta nolasa un ataino uz displeja transportl\u012bdzek\u013ca re\u0123istr\u0101cijas numuru un st\u0101vvietas izmanto\u0161anas apmaksas statusu; <\/span><\/p>\n<p><em><span style=\"font-size: 11.5pt;\">9.2. st\u0101vlaukuma barjera pace\u013cas autom\u0101tiski, ja apmaksa par st\u0101vvietas izmanto\u0161anu ir veikta. <\/span><\/em><\/p>\n<p><strong>Maksa par autost\u0101vvietas izmanto\u0161anu<\/strong><\/p>\n<p>10. Samaksu par st\u0101vvietas izmanto\u0161anu Klients veic p\u0113capmaksas veid\u0101 Kases autom\u0101t\u0101 vai pie administratora.<\/p>\n<p>11. Cenas (iek\u013cauts PVN):<\/p>\n<p><em>11.1. \u201cJoker kluba\u201d cenr\u0101d\u012b iek\u013cauto pakalpojumu izmanto\u0161anas laik\u0101 l\u012bdz 3 h:<\/em><\/p>\n<p><em>&#8211; klientiem ar akt\u012bvu abonementu \u2013 bezmaksas;<\/em><\/p>\n<p><em>&#8211; vienreiz\u0113ja apmekl\u0113juma klientiem \u2013 1 EUR.<\/em><\/p>\n<p><em>11.2. Person\u0101m ar l\u012bgumu\/Kases autom\u0101t\u0101 ieg\u0101d\u0101tu st\u0101vvietas abonementu (abonementu pied\u0101v\u0101jums ir ierobe\u017eots) \u2013 50 EUR\/m\u0113n.<\/em><\/p>\n<p><em>11.3. P\u0101r\u0113j\u0101m person\u0101m:<\/em><\/p>\n<p><em>&#8211; no plkst. 08:00 l\u012bdz 22:00 \u2013 2 EUR\/h;<\/em><\/p>\n<p><em>&#8211; no plkst. 22:00 l\u012bdz 08:00 \u2013 5 EUR.<\/em><\/p>\n<p>12. Maksu apr\u0113\u0137ina, s\u0101kot ar 16. min\u016bti par katr\u0101m 15 min.<\/p>\n<p>13. Ties\u012bbas izmantot st\u0101vvietu bez maksas ir:<\/p>\n<p><em>13.1.operat\u012bv\u0101 transportl\u012bdzek\u013ca vad\u012bt\u0101jam, pildot dienesta pien\u0101kumus, ja operat\u012bvais transportl\u012bdzeklis apr\u012bkots atbilsto\u0161i Ce\u013cu satiksmes noteikumos noteiktaj\u0101m pras\u012bb\u0101m;<\/em><\/p>\n<p><em>13.2. pre\u010du un s\u016bt\u012bjumu pieg\u0101d\u0101t\u0101jiem\/sa\u0146\u0113m\u0113jiem, kas veic pre\u010du izkrau\u0161anu\/iekrau\u0161anu, s\u016bt\u012bjumu nodo\u0161anu\/sa\u0146em\u0161anu Uz\u0146\u0113mumam;<\/em><\/p>\n<p><em>13.3. Uz\u0146\u0113muma darbiniekiem, kuru autotransports ir re\u0123istr\u0113ts re\u0123istr\u0101 \u201cJoker kluba st\u0101vvietu at\u013caujas\u201d;<\/em><\/p>\n<p><em>13.4. Klientiem, kas st\u0101vlaukum\u0101 uzturas l\u012bdz 15 min.;<\/em><\/p>\n<p><em>13.5. Apmekl\u0113t\u0101jiem, kas ieradu\u0161ies: p\u0113c Valdes locek\u013ca uzaicin\u0101juma;<\/em><\/p>\n<p><em>13.6. p\u0113c citu Uz\u0146\u0113muma darbinieku uzaicin\u0101juma, ja apmekl\u0113jums saist\u012bts ar Uz\u0146\u0113muma darb\u012bbu un par apmekl\u0113jumu veikts ieraksts re\u0123istr\u0101 \u201eApmekl\u0113t\u0101ju pieteikumi\u201d.<\/em><\/p>\n<p><strong>Klienta atbild\u012bba<\/strong><br \/>14. Autovad\u012bt\u0101ja, kas iebraucis st\u0101vlaukum\u0101, pien\u0101kumi:<br \/><em>14.1. iev\u0113rot ce\u013cu satiksmes noteikumus;<\/em><br \/><em>14.2. saudz\u012bgi iztur\u0113ties pret st\u0101vlaukuma apr\u012bkojumu;<\/em><br \/><em>14.3. iev\u0113rot sabiedrisk\u0101s k\u0101rt\u012bbas noteikumus;<\/em><br \/><em>14.4. segt zaud\u0113jumus, kas nodar\u012bti Uz\u0146\u0113mumam ar nodomu vai aiz neuzman\u012bbas;<\/em><br \/><em>14.5. p\u0113c apsardzes darbinieka piepras\u012bjuma, uzr\u0101d\u012bt personu apliecino\u0161u dokumentu.<\/em><\/p>\n<p><strong>Nosl\u0113guma noteikumi<\/strong><br \/>15. St\u0101vlaukum\u0101 tiek veikta videonov\u0113ro\u0161ana. Videonov\u0113ro\u0161anas m\u0113r\u0137is ir \u012bpa\u0161uma aizsardz\u012bba,<br \/>dro\u0161\u012bbas un k\u0101rt\u012bbas nodro\u0161in\u0101\u0161ana.<\/p>\n<p>16. Uz\u0146\u0113mums neatbild par:<br \/>1<em>6.1. Klienta zaud\u0113jumiem, kas radu\u0161ies st\u0101vlaukum\u0101 citu autost\u0101vvietas Klientu vainas d\u0113\u013c un par<\/em><br \/><em>autotransportam nodar\u012btajiem boj\u0101jumiem vai t\u0101 boj\u0101eju hulig\u0101nisma vai cit\u0101 nol\u016bk\u0101 izdar\u012bta<\/em><br \/><em>\u013caunpr\u0101t\u012bga uzbrukuma sek\u0101m, kuras nov\u0113rst objekt\u012bvi nav bijis Uz\u0146\u0113muma sp\u0113kos;<\/em><br \/><em>16.2. zaud\u0113jumiem, kas Klientam radu\u0161ies nep\u0101rvaramas varas rezult\u0101t\u0101.<\/em><\/p>\n<p>17. Klientam ir ties\u012bbas iesniegt s\u016bdz\u012bbu par konstat\u0113tajiem p\u0101rk\u0101pumiem Uz\u0146\u0113muma darbinieka<br \/>darb\u0101.<\/p>\n<p>18. S\u016bdz\u012bbas iesnieg\u0161ana neatbr\u012bvo Klientu no pien\u0101kuma veikt apmaksu par st\u0101vvietas<br \/>izmanto\u0161anu \u0161ajos noteikumos noteiktaj\u0101 k\u0101rt\u012bb\u0101.<br \/>19. Atbild\u012bba par \u0161o noteikumu p\u0101rk\u0101pumu tiek noteikta saska\u0146\u0101 ar sp\u0113k\u0101 eso\u0161ajiem normat\u012bvajiem<br \/>ties\u012bbu aktiem.<br \/>20. Uz\u0146\u0113mums ir ties\u012bgs groz\u012bt st\u0101vlaukuma izmanto\u0161anas noteikumus un maksu.<br \/>21. Visus jaut\u0101jumus un str\u012bdus, kas radu\u0161ies \u0161o noteikumu darb\u012bbas laik\u0101 vai izriet no t\u0101, Klients un Uz\u0146\u0113mums cen\u0161as atrisin\u0101t sarunu ce\u013c\u0101. Ja vieno\u0161an\u0101s netiek pan\u0101kta, str\u012bdus risina Latvijas Republikas ties\u0101 un normat\u012bvajos aktos paredz\u0113taj\u0101 k\u0101rt\u012bb\u0101.<\/p>\n\t\t\t\t\t\t<\/div>\n\t\t\t\t<\/div>\n\t\t\t\t<section data-particle_enable=\"false\" class=\"elementor-section elementor-inner-section elementor-element elementor-element-7a7f70e elementor-section-boxed elementor-section-height-default elementor-section-height-default\" data-id=\"7a7f70e\" data-element_type=\"section\">\n\t\t\t\t\t\t<div class=\"elementor-container elementor-column-gap-default\">\n\t\t\t\t\t<div class=\"elementor-column elementor-col-33 elementor-inner-column elementor-element elementor-element-90adc18\" data-id=\"90adc18\" data-element_type=\"column\">\n\t\t\t<div class=\"elementor-widget-wrap elementor-element-populated\">\n\t\t\t\t\t\t\t\t<div class=\"elementor-element elementor-element-9b312ee elementor-cta--layout-image-above elementor-cta--skin-classic elementor-animated-content elementor-bg-transform elementor-bg-transform-zoom-in elementor-widget elementor-widget-call-to-action\" data-id=\"9b312ee\" data-element_type=\"widget\" data-widget_type=\"call-to-action.default\">\n\t\t\t\t<div class=\"elementor-widget-container\">\n\t\t\t\t\t<a class=\"elementor-cta\" href=\"https:\/\/jokerklubs.lv\/ru\/%d0%be%d0%b1%d1%89%d0%b8%d0%b5-%d0%bf%d1%80%d0%b0%d0%b2%d0%b8%d0%bb%d0%b0\/\">\n\t\t\t\t\t\t\t<div class=\"elementor-cta__content\">\n\t\t\t\t\n\t\t\t\t\t\t\t\t\t<h2 class=\"elementor-cta__title elementor-cta__content-item elementor-content-item\">\n\t\t\t\t\t\tIEK\u0160\u0112J\u0100S K\u0100RT\u012aBAS NOTEIKUMI\t\t\t\t\t<\/h2>\n\t\t\t\t\n\t\t\t\t\n\t\t\t\t\t\t\t<\/div>\n\t\t\t\t\t\t<\/a>\n\t\t\t\t<\/div>\n\t\t\t\t<\/div>\n\t\t\t\t<div class=\"elementor-element elementor-element-75304ef elementor-cta--layout-image-above elementor-cta--skin-classic elementor-animated-content elementor-bg-transform elementor-bg-transform-zoom-in elementor-widget elementor-widget-call-to-action\" data-id=\"75304ef\" data-element_type=\"widget\" data-widget_type=\"call-to-action.default\">\n\t\t\t\t<div class=\"elementor-widget-container\">\n\t\t\t\t\t<a class=\"elementor-cta\" href=\"https:\/\/jokerklubs.lv\/ru\/%d0%bf%d1%80%d0%b0%d0%b2%d0%b8%d0%bb%d0%b0-%d0%bf%d0%be%d0%bb%d1%8c%d0%b7%d0%be%d0%b2%d0%b0%d0%bd%d0%b8%d1%8f-%d0%b8%d0%bd%d1%82%d0%b5%d1%80%d0%bd%d0%b5%d1%82-%d0%bc%d0%b0%d0%b3%d0%b0%d0%b7%d0%b8\/\">\n\t\t\t\t\t\t\t<div class=\"elementor-cta__content\">\n\t\t\t\t\n\t\t\t\t\t\t\t\t\t<h2 class=\"elementor-cta__title elementor-cta__content-item elementor-content-item\">\n\t\t\t\t\t\t\u0418\u0421\u041f\u041e\u041b\u042c\u0417\u041e\u0412\u0410\u041d\u0418\u0415 \u0418\u041d\u0422\u0415\u0420\u041d\u0415\u0422-\u041c\u0410\u0413\u0410\u0417\u0418\u041d\u0410\t\t\t\t\t<\/h2>\n\t\t\t\t\n\t\t\t\t\n\t\t\t\t\t\t\t<\/div>\n\t\t\t\t\t\t<\/a>\n\t\t\t\t<\/div>\n\t\t\t\t<\/div>\n\t\t\t\t<div class=\"elementor-element elementor-element-b1fe90b elementor-cta--layout-image-above elementor-cta--skin-classic elementor-animated-content elementor-bg-transform elementor-bg-transform-zoom-in elementor-widget elementor-widget-call-to-action\" data-id=\"b1fe90b\" data-element_type=\"widget\" data-widget_type=\"call-to-action.default\">\n\t\t\t\t<div class=\"elementor-widget-container\">\n\t\t\t\t\t<a class=\"elementor-cta\" href=\"https:\/\/jokerklubs.lv\/ru\/%d0%bf%d1%80%d0%b0%d0%b2%d0%b8%d0%bb%d0%b0-%d0%bf%d0%be%d0%bb%d1%8c%d0%b7%d0%be%d0%b2%d0%b0%d0%bd%d0%b8%d1%8f-%d0%b0%d0%b2%d1%82%d0%be%d1%81%d1%82%d0%be%d1%8f%d0%bd%d0%ba%d0%be%d0%b9-joker-klubs\/\">\n\t\t\t\t\t\t\t<div class=\"elementor-cta__content\">\n\t\t\t\t\n\t\t\t\t\t\t\t\t\t<h2 class=\"elementor-cta__title elementor-cta__content-item elementor-content-item\">\n\t\t\t\t\t\t\u0418\u0441\u043f\u043e\u043b\u044c\u0437\u043e\u0432\u0430\u043d\u0438\u0435 \u0430\u0432\u0442\u043e\u0441\u0442\u043e\u044f\u043d\u043a\u0438\t\t\t\t\t<\/h2>\n\t\t\t\t\n\t\t\t\t\n\t\t\t\t\t\t\t<\/div>\n\t\t\t\t\t\t<\/a>\n\t\t\t\t<\/div>\n\t\t\t\t<\/div>\n\t\t\t\t\t<\/div>\n\t\t<\/div>\n\t\t\t\t<div class=\"elementor-column elementor-col-33 elementor-inner-column elementor-element elementor-element-1dbf4fb\" data-id=\"1dbf4fb\" data-element_type=\"column\">\n\t\t\t<div class=\"elementor-widget-wrap elementor-element-populated\">\n\t\t\t\t\t\t\t\t<div class=\"elementor-element elementor-element-97209e7 elementor-cta--layout-image-above elementor-cta--skin-classic elementor-animated-content elementor-bg-transform elementor-bg-transform-zoom-in elementor-widget elementor-widget-call-to-action\" data-id=\"97209e7\" data-element_type=\"widget\" data-widget_type=\"call-to-action.default\">\n\t\t\t\t<div class=\"elementor-widget-container\">\n\t\t\t\t\t<a class=\"elementor-cta\" href=\"https:\/\/jokerklubs.lv\/ru\/%d0%bf%d0%be%d0%bb%d0%b8%d1%82%d0%b8%d0%ba%d0%b0-%d0%ba%d0%be%d0%bd%d1%84%d0%b8%d0%b4%d0%b5%d0%bd%d1%86%d0%b8%d0%b0%d0%bb%d1%8c%d0%bd%d0%be%d1%81%d1%82%d0%b8-joker-klubs\/\">\n\t\t\t\t\t\t\t<div class=\"elementor-cta__content\">\n\t\t\t\t\n\t\t\t\t\t\t\t\t\t<h2 class=\"elementor-cta__title elementor-cta__content-item elementor-content-item\">\n\t\t\t\t\t\t\u041f\u041e\u041b\u0418\u0422\u0418\u041a\u0410 \u041a\u041e\u041d\u0424\u0418\u0414\u0415\u041d\u0426\u0418\u0410\u041b\u042c\u041d\u041e\u0421\u0422\u0418\t\t\t\t\t<\/h2>\n\t\t\t\t\n\t\t\t\t\n\t\t\t\t\t\t\t<\/div>\n\t\t\t\t\t\t<\/a>\n\t\t\t\t<\/div>\n\t\t\t\t<\/div>\n\t\t\t\t<div class=\"elementor-element elementor-element-8d1d880 elementor-cta--layout-image-above elementor-cta--skin-classic elementor-animated-content elementor-bg-transform elementor-bg-transform-zoom-in elementor-widget elementor-widget-call-to-action\" data-id=\"8d1d880\" data-element_type=\"widget\" data-widget_type=\"call-to-action.default\">\n\t\t\t\t<div class=\"elementor-widget-container\">\n\t\t\t\t\t<a class=\"elementor-cta\" href=\"https:\/\/jokerklubs.lv\/ru\/%d0%bf%d1%80%d0%b0%d0%b2%d0%b8%d0%bb%d0%b0-%d0%b4%d0%bb%d1%8f-%d0%ba%d0%b0%d1%80%d1%82%d1%8b-%d0%ba%d0%bb%d0%b8%d0%b5%d0%bd%d1%82%d0%b0-joker-klubs\/\">\n\t\t\t\t\t\t\t<div class=\"elementor-cta__content\">\n\t\t\t\t\n\t\t\t\t\t\t\t\t\t<h2 class=\"elementor-cta__title elementor-cta__content-item elementor-content-item\">\n\t\t\t\t\t\t\u041a\u0410\u0420\u0422\u042b \u041a\u041b\u0418\u0415\u041d\u0422\u041e\u0412\t\t\t\t\t<\/h2>\n\t\t\t\t\n\t\t\t\t\n\t\t\t\t\t\t\t<\/div>\n\t\t\t\t\t\t<\/a>\n\t\t\t\t<\/div>\n\t\t\t\t<\/div>\n\t\t\t\t\t<\/div>\n\t\t<\/div>\n\t\t\t\t<div class=\"elementor-column elementor-col-33 elementor-inner-column elementor-element elementor-element-47f8f0b\" data-id=\"47f8f0b\" data-element_type=\"column\">\n\t\t\t<div class=\"elementor-widget-wrap elementor-element-populated\">\n\t\t\t\t\t\t\t\t<div class=\"elementor-element elementor-element-7a15416 elementor-cta--layout-image-above elementor-cta--skin-classic elementor-animated-content elementor-bg-transform elementor-bg-transform-zoom-in elementor-widget elementor-widget-call-to-action\" data-id=\"7a15416\" data-element_type=\"widget\" data-widget_type=\"call-to-action.default\">\n\t\t\t\t<div class=\"elementor-widget-container\">\n\t\t\t\t\t<a class=\"elementor-cta\" href=\"https:\/\/jokerklubs.lv\/ru\/%d0%bf%d1%80%d0%b0%d0%b2%d0%b8%d0%bb%d0%b0-%d0%b8%d1%81%d0%bf%d0%be%d0%bb%d1%8c%d0%b7%d0%be%d0%b2%d0%b0%d0%bd%d0%b8%d1%8f-cookie-%d1%84%d0%b0%d0%b9%d0%bb%d0%be%d0%b2-%d0%bd%d0%b0-%d0%b4%d0%be%d0%bc\/\">\n\t\t\t\t\t\t\t<div class=\"elementor-cta__content\">\n\t\t\t\t\n\t\t\t\t\t\t\t\t\t<h2 class=\"elementor-cta__title elementor-cta__content-item elementor-content-item\">\n\t\t\t\t\t\t\u0418\u0421\u041f\u041e\u041b\u042c\u0417\u041e\u0412\u0410\u041d\u0418\u0415 \u0424\u0410\u0419\u041b\u041e\u0412 COOKIE\t\t\t\t\t<\/h2>\n\t\t\t\t\n\t\t\t\t\n\t\t\t\t\t\t\t<\/div>\n\t\t\t\t\t\t<\/a>\n\t\t\t\t<\/div>\n\t\t\t\t<\/div>\n\t\t\t\t<div class=\"elementor-element elementor-element-5117fcd elementor-cta--layout-image-above elementor-cta--skin-classic elementor-animated-content elementor-bg-transform elementor-bg-transform-zoom-in elementor-widget elementor-widget-call-to-action\" data-id=\"5117fcd\" data-element_type=\"widget\" data-widget_type=\"call-to-action.default\">\n\t\t\t\t<div class=\"elementor-widget-container\">\n\t\t\t\t\t<a class=\"elementor-cta\" href=\"https:\/\/jokerklubs.lv\/ru\/?page_id=23826\">\n\t\t\t\t\t\t\t<div class=\"elementor-cta__content\">\n\t\t\t\t\n\t\t\t\t\t\t\t\t\t<h2 class=\"elementor-cta__title elementor-cta__content-item elementor-content-item\">\n\t\t\t\t\t\t\u0423\u0421\u041b\u041e\u0412\u0418\u042f \u0418\u0421\u041f\u041e\u041b\u042c\u0417\u041e\u0412\u0410\u041d\u0418\u042f \u041f\u041e\u0414\u0410\u0420\u041e\u0427\u041d\u041e\u0419 \u041a\u0410\u0420\u0422\u042b\t\t\t\t\t<\/h2>\n\t\t\t\t\n\t\t\t\t\n\t\t\t\t\t\t\t<\/div>\n\t\t\t\t\t\t<\/a>\n\t\t\t\t<\/div>\n\t\t\t\t<\/div>\n\t\t\t\t\t<\/div>\n\t\t<\/div>\n\t\t\t\t\t\t\t<\/div>\n\t\t<\/section>\n\t\t\t\t\t<\/div>\n\t\t<\/div>\n\t\t\t\t\t\t\t<\/div>\n\t\t<\/section>\n\t\t\t\t\t\t\t<\/div>\n\t\t","protected":false},"excerpt":{"rendered":"<p>AUTOST\u0100VVIETAS IZMANTO\u0160ANAS NOTEIKUMI Visp\u0101r\u012bgie noteikumi1. Joker kluba (turpm\u0101k \u2013 Klubs) automa\u0161\u012bnu st\u0101vlaukuma (turpm\u0101k \u2013 st\u0101vlaukums) izmanto\u0161anasnoteikumi (turpm\u0101k \u2013 noteikumi) nosaka k\u0101rt\u012bbu, k\u0101d\u0101 novietojams autotransports st\u0101vlaukumast\u0101vviet\u0101s un veicama apmaksa par st\u0101vvietas izmanto\u0161anu.2. Noteikumi ir saisto\u0161i visiem st\u0101vlaukuma lietot\u0101jiem (turpm\u0101k \u2013 Klients), kas novietoju\u0161itransportl\u012bdzekli st\u0101vviet\u0101.3. St\u0101vlaukums ir priv\u0101t\u012bpa\u0161ums un t\u0101 \u012bpa\u0161niekam (turpm\u0101k \u2013 Uz\u0146\u0113mums) ir ties\u012bbas atteikties [&hellip;]<\/p>\n","protected":false},"author":9,"featured_media":0,"parent":0,"menu_order":0,"comment_status":"closed","ping_status":"closed","template":"","meta":{"inline_featured_image":false,"footnotes":""},"aioseo_notices":[],"_links":{"self":[{"href":"https:\/\/jokerklubs.lv\/ru\/wp-json\/wp\/v2\/pages\/10901"}],"collection":[{"href":"https:\/\/jokerklubs.lv\/ru\/wp-json\/wp\/v2\/pages"}],"about":[{"href":"https:\/\/jokerklubs.lv\/ru\/wp-json\/wp\/v2\/types\/page"}],"author":[{"embeddable":true,"href":"https:\/\/jokerklubs.lv\/ru\/wp-json\/wp\/v2\/users\/9"}],"replies":[{"embeddable":true,"href":"https:\/\/jokerklubs.lv\/ru\/wp-json\/wp\/v2\/comments?post=10901"}],"version-history":[{"count":29,"href":"https:\/\/jokerklubs.lv\/ru\/wp-json\/wp\/v2\/pages\/10901\/revisions"}],"predecessor-version":[{"id":25451,"href":"https:\/\/jokerklubs.lv\/ru\/wp-json\/wp\/v2\/pages\/10901\/revisions\/25451"}],"wp:attachment":[{"href":"https:\/\/jokerklubs.lv\/ru\/wp-json\/wp\/v2\/media?parent=10901"}],"curies":[{"name":"wp","href":"https:\/\/api.w.org\/{rel}","templated":true}]}}