{"id":4324,"date":"2020-02-20T15:11:04","date_gmt":"2020-02-20T15:11:04","guid":{"rendered":"http:\/\/jauns.jokerklubs.lv\/?page_id=4324"},"modified":"2024-02-09T12:08:48","modified_gmt":"2024-02-09T09:08:48","slug":"davids-eljasans-%d1%82%d1%80%d0%b5%d0%bd%d0%b5%d1%80","status":"publish","type":"page","link":"https:\/\/jokerklubs.lv\/ru\/davids-eljasans-%d1%82%d1%80%d0%b5%d0%bd%d0%b5%d1%80\/","title":{"rendered":"D\u0101vids ELJA\u0160\u0100NS &#8211; \u0442\u0440\u0435\u043d\u0435\u0440"},"content":{"rendered":"\t\t<div data-elementor-type=\"wp-post\" data-elementor-id=\"4324\" class=\"elementor elementor-4324 elementor-1770\" data-elementor-post-type=\"page\">\n\t\t\t\t\t\t\t\t\t<section data-particle_enable=\"false\" class=\"elementor-section elementor-top-section elementor-element elementor-element-6c0f0e3 elementor-section-boxed elementor-section-height-default elementor-section-height-default elementor-invisible\" data-id=\"6c0f0e3\" data-element_type=\"section\" data-settings=\"{&quot;animation&quot;:&quot;zoomIn&quot;}\">\n\t\t\t\t\t\t<div class=\"elementor-container elementor-column-gap-default\">\n\t\t\t\t\t<div class=\"elementor-column elementor-col-50 elementor-top-column elementor-element elementor-element-fbbabe2\" data-id=\"fbbabe2\" data-element_type=\"column\">\n\t\t\t<div class=\"elementor-widget-wrap elementor-element-populated\">\n\t\t\t\t\t\t\t\t<div class=\"elementor-element elementor-element-1f31643 elementor-widget elementor-widget-image\" data-id=\"1f31643\" data-element_type=\"widget\" data-widget_type=\"image.default\">\n\t\t\t\t<div class=\"elementor-widget-container\">\n\t\t\t\t\t\t\t\t\t\t\t\t\t\t\t<img decoding=\"async\" loading=\"lazy\" width=\"1920\" height=\"1272\" src=\"https:\/\/jokerklubs.lv\/wp-content\/uploads\/2019\/10\/12-t-zale.jpg\" class=\"attachment-full size-full wp-image-1718\" alt=\"12 t zale\" srcset=\"https:\/\/jokerklubs.lv\/wp-content\/uploads\/2019\/10\/12-t-zale.jpg 1920w, https:\/\/jokerklubs.lv\/wp-content\/uploads\/2019\/10\/12-t-zale-300x199.jpg 300w, https:\/\/jokerklubs.lv\/wp-content\/uploads\/2019\/10\/12-t-zale-768x509.jpg 768w, https:\/\/jokerklubs.lv\/wp-content\/uploads\/2019\/10\/12-t-zale-1024x678.jpg 1024w, https:\/\/jokerklubs.lv\/wp-content\/uploads\/2019\/10\/12-t-zale-600x398.jpg 600w\" sizes=\"(max-width: 1920px) 100vw, 1920px\" \/>\t\t\t\t\t\t\t\t\t\t\t\t\t\t\t<\/div>\n\t\t\t\t<\/div>\n\t\t\t\t\t<\/div>\n\t\t<\/div>\n\t\t\t\t<div class=\"elementor-column elementor-col-50 elementor-top-column elementor-element elementor-element-8c79d24\" data-id=\"8c79d24\" data-element_type=\"column\">\n\t\t\t<div class=\"elementor-widget-wrap elementor-element-populated\">\n\t\t\t\t\t\t\t\t<div class=\"elementor-element elementor-element-1c11632 elementor-invisible elementor-widget elementor-widget-heading\" data-id=\"1c11632\" data-element_type=\"widget\" data-settings=\"{&quot;_animation&quot;:&quot;fadeIn&quot;}\" data-widget_type=\"heading.default\">\n\t\t\t\t<div class=\"elementor-widget-container\">\n\t\t\t<h1 class=\"elementor-heading-title elementor-size-default\">D\u0101vids Elja\u0161\u0101ns - Treneris<\/h1>\t\t<\/div>\n\t\t\t\t<\/div>\n\t\t\t\t<div class=\"elementor-element elementor-element-d8219b7 elementor-mobile-align-left elementor-icon-list--layout-traditional elementor-list-item-link-full_width elementor-widget elementor-widget-icon-list\" data-id=\"d8219b7\" data-element_type=\"widget\" data-widget_type=\"icon-list.default\">\n\t\t\t\t<div class=\"elementor-widget-container\">\n\t\t\t\t\t<ul class=\"elementor-icon-list-items\">\n\t\t\t\t\t\t\t<li class=\"elementor-icon-list-item\">\n\t\t\t\t\t\t\t\t\t\t\t<span class=\"elementor-icon-list-icon\">\n\t\t\t\t\t\t\t<i aria-hidden=\"true\" class=\"fas fa-check\"><\/i>\t\t\t\t\t\t<\/span>\n\t\t\t\t\t\t\t\t\t\t<span class=\"elementor-icon-list-text\">vada individu\u0101las nodarb\u012bbas trena\u017eieru z\u0101l\u0113;<\/span>\n\t\t\t\t\t\t\t\t\t<\/li>\n\t\t\t\t\t\t\t\t<li class=\"elementor-icon-list-item\">\n\t\t\t\t\t\t\t\t\t\t\t<span class=\"elementor-icon-list-icon\">\n\t\t\t\t\t\t\t<i aria-hidden=\"true\" class=\"fas fa-check\"><\/i>\t\t\t\t\t\t<\/span>\n\t\t\t\t\t\t\t\t\t\t<span class=\"elementor-icon-list-text\">pl\u0101no nodarb\u012bbu saturu un gaitu;<\/span>\n\t\t\t\t\t\t\t\t\t<\/li>\n\t\t\t\t\t\t\t\t<li class=\"elementor-icon-list-item\">\n\t\t\t\t\t\t\t\t\t\t\t<span class=\"elementor-icon-list-icon\">\n\t\t\t\t\t\t\t<i aria-hidden=\"true\" class=\"fas fa-check\"><\/i>\t\t\t\t\t\t<\/span>\n\t\t\t\t\t\t\t\t\t\t<span class=\"elementor-icon-list-text\">izstr\u0101d\u0101 klientiem individu\u0101lu treni\u0146u programmu.<\/span>\n\t\t\t\t\t\t\t\t\t<\/li>\n\t\t\t\t\t\t<\/ul>\n\t\t\t\t<\/div>\n\t\t\t\t<\/div>\n\t\t\t\t<div class=\"elementor-element elementor-element-0452a2b elementor-invisible elementor-widget elementor-widget-text-editor\" data-id=\"0452a2b\" data-element_type=\"widget\" data-settings=\"{&quot;_animation&quot;:&quot;fadeIn&quot;}\" data-widget_type=\"text-editor.default\">\n\t\t\t\t<div class=\"elementor-widget-container\">\n\t\t\t\t\t\t\t<p><strong>Izgl\u012bt\u012bba:<\/strong><\/p><p>Absolv\u0113jis Latvijas Sporta Pedago\u0123ijas Akad\u0113miju (bakalaura gr\u0101ds sporta zin\u0101tn\u0113s).<\/p><p>Ieguvis \u201cB\u201d kategorijas sporta speci\u0101lista sertifik\u0101tu, vec\u0101kais treneris fitnes\u0101.<\/p><p>Papildus izgl\u012bt\u012bba: kursi \u201eRehabilit\u0101cijas fitness\u201d (treni\u0146u \u012bpa\u0161\u012bbas klientiem ar skoliozi, osteohondrozi un tr\u016bc\u0113m, funkcion\u0101l\u0101 anatomija, manu\u0101l\u0101s tehnikas kakla, plecu un jostas da\u013cas atbr\u012bvo\u0161anai) TRX Group Suspension Training sertifik\u0101ts. TRX RIP kursu sertifik\u0101ts, k\u0101 ar\u012b daudzi citi treneru kvalifik\u0101cijas cel\u0161anas kursi.<\/p><p><strong>Iesak\u0101m klientiem, kas v\u0113las:<\/strong><\/p>\t\t\t\t\t\t<\/div>\n\t\t\t\t<\/div>\n\t\t\t\t<div class=\"elementor-element elementor-element-81aaf94 elementor-icon-list--layout-traditional elementor-list-item-link-full_width elementor-widget elementor-widget-icon-list\" data-id=\"81aaf94\" data-element_type=\"widget\" data-widget_type=\"icon-list.default\">\n\t\t\t\t<div class=\"elementor-widget-container\">\n\t\t\t\t\t<ul class=\"elementor-icon-list-items\">\n\t\t\t\t\t\t\t<li class=\"elementor-icon-list-item\">\n\t\t\t\t\t\t\t\t\t\t\t<span class=\"elementor-icon-list-icon\">\n\t\t\t\t\t\t\t<i aria-hidden=\"true\" class=\"fas fa-check\"><\/i>\t\t\t\t\t\t<\/span>\n\t\t\t\t\t\t\t\t\t\t<span class=\"elementor-icon-list-text\">uzs\u0101kt intens\u012bvus treni\u0146us;<\/span>\n\t\t\t\t\t\t\t\t\t<\/li>\n\t\t\t\t\t\t\t\t<li class=\"elementor-icon-list-item\">\n\t\t\t\t\t\t\t\t\t\t\t<span class=\"elementor-icon-list-icon\">\n\t\t\t\t\t\t\t<i aria-hidden=\"true\" class=\"fas fa-check\"><\/i>\t\t\t\t\t\t<\/span>\n\t\t\t\t\t\t\t\t\t\t<span class=\"elementor-icon-list-text\">uzlabot st\u0101ju (ar\u012b \u0101rstniecisk\u0101 vingro\u0161ana);<\/span>\n\t\t\t\t\t\t\t\t\t<\/li>\n\t\t\t\t\t\t\t\t<li class=\"elementor-icon-list-item\">\n\t\t\t\t\t\t\t\t\t\t\t<span class=\"elementor-icon-list-icon\">\n\t\t\t\t\t\t\t<i aria-hidden=\"true\" class=\"fas fa-check\"><\/i>\t\t\t\t\t\t<\/span>\n\t\t\t\t\t\t\t\t\t\t<span class=\"elementor-icon-list-text\">samazin\u0101t svaru;<\/span>\n\t\t\t\t\t\t\t\t\t<\/li>\n\t\t\t\t\t\t\t\t<li class=\"elementor-icon-list-item\">\n\t\t\t\t\t\t\t\t\t\t\t<span class=\"elementor-icon-list-icon\">\n\t\t\t\t\t\t\t<i aria-hidden=\"true\" class=\"fas fa-check\"><\/i>\t\t\t\t\t\t<\/span>\n\t\t\t\t\t\t\t\t\t\t<span class=\"elementor-icon-list-text\">palielin\u0101t musku\u013cu masu;<\/span>\n\t\t\t\t\t\t\t\t\t<\/li>\n\t\t\t\t\t\t\t\t<li class=\"elementor-icon-list-item\">\n\t\t\t\t\t\t\t\t\t\t\t<span class=\"elementor-icon-list-icon\">\n\t\t\t\t\t\t\t<i aria-hidden=\"true\" class=\"fas fa-check\"><\/i>\t\t\t\t\t\t<\/span>\n\t\t\t\t\t\t\t\t\t\t<span class=\"elementor-icon-list-text\">uzlabot fizisko sagatavot\u012bbu (ar\u012b sportistiem);<\/span>\n\t\t\t\t\t\t\t\t\t<\/li>\n\t\t\t\t\t\t\t\t<li class=\"elementor-icon-list-item\">\n\t\t\t\t\t\t\t\t\t\t\t<span class=\"elementor-icon-list-icon\">\n\t\t\t\t\t\t\t<i aria-hidden=\"true\" class=\"fas fa-check\"><\/i>\t\t\t\t\t\t<\/span>\n\t\t\t\t\t\t\t\t\t\t<span class=\"elementor-icon-list-text\">uztura konsult\u0101cijas, kas saskan\u0113tu ar sportiskaj\u0101m aktivit\u0101t\u0113m.<\/span>\n\t\t\t\t\t\t\t\t\t<\/li>\n\t\t\t\t\t\t<\/ul>\n\t\t\t\t<\/div>\n\t\t\t\t<\/div>\n\t\t\t\t<div class=\"elementor-element elementor-element-3f12280 elementor-widget elementor-widget-text-editor\" data-id=\"3f12280\" data-element_type=\"widget\" data-widget_type=\"text-editor.default\">\n\t\t\t\t<div class=\"elementor-widget-container\">\n\t\t\t\t\t\t\t<a href=\"\/sporta-nodarbibas-un-aktivitates\/aerobikas-un-fitnesa-treneri\/\"> Apskat\u012bt citus trenerus<\/a>\t\t\t\t\t\t<\/div>\n\t\t\t\t<\/div>\n\t\t\t\t\t<\/div>\n\t\t<\/div>\n\t\t\t\t\t\t\t<\/div>\n\t\t<\/section>\n\t\t\t\t\t\t\t<\/div>\n\t\t","protected":false},"excerpt":{"rendered":"<p>D\u0101vids Elja\u0161\u0101ns &#8211; Treneris vada individu\u0101las nodarb\u012bbas trena\u017eieru z\u0101l\u0113; pl\u0101no nodarb\u012bbu saturu un gaitu; izstr\u0101d\u0101 klientiem individu\u0101lu treni\u0146u programmu. Izgl\u012bt\u012bba: Absolv\u0113jis Latvijas Sporta Pedago\u0123ijas Akad\u0113miju (bakalaura gr\u0101ds sporta zin\u0101tn\u0113s). Ieguvis \u201cB\u201d kategorijas sporta speci\u0101lista sertifik\u0101tu, vec\u0101kais treneris fitnes\u0101. Papildus izgl\u012bt\u012bba: kursi \u201eRehabilit\u0101cijas fitness\u201d (treni\u0146u \u012bpa\u0161\u012bbas klientiem ar skoliozi, osteohondrozi un tr\u016bc\u0113m, funkcion\u0101l\u0101 anatomija, manu\u0101l\u0101s tehnikas [&hellip;]<\/p>\n","protected":false},"author":9,"featured_media":0,"parent":0,"menu_order":0,"comment_status":"closed","ping_status":"closed","template":"","meta":{"inline_featured_image":false,"footnotes":""},"aioseo_notices":[],"_links":{"self":[{"href":"https:\/\/jokerklubs.lv\/ru\/wp-json\/wp\/v2\/pages\/4324"}],"collection":[{"href":"https:\/\/jokerklubs.lv\/ru\/wp-json\/wp\/v2\/pages"}],"about":[{"href":"https:\/\/jokerklubs.lv\/ru\/wp-json\/wp\/v2\/types\/page"}],"author":[{"embeddable":true,"href":"https:\/\/jokerklubs.lv\/ru\/wp-json\/wp\/v2\/users\/9"}],"replies":[{"embeddable":true,"href":"https:\/\/jokerklubs.lv\/ru\/wp-json\/wp\/v2\/comments?post=4324"}],"version-history":[{"count":12,"href":"https:\/\/jokerklubs.lv\/ru\/wp-json\/wp\/v2\/pages\/4324\/revisions"}],"predecessor-version":[{"id":17152,"href":"https:\/\/jokerklubs.lv\/ru\/wp-json\/wp\/v2\/pages\/4324\/revisions\/17152"}],"wp:attachment":[{"href":"https:\/\/jokerklubs.lv\/ru\/wp-json\/wp\/v2\/media?parent=4324"}],"curies":[{"name":"wp","href":"https:\/\/api.w.org\/{rel}","templated":true}]}}