{"id":4340,"date":"2020-02-20T23:35:52","date_gmt":"2020-02-20T23:35:52","guid":{"rendered":"http:\/\/jauns.jokerklubs.lv\/?page_id=4340"},"modified":"2024-02-09T12:17:32","modified_gmt":"2024-02-09T09:17:32","slug":"helmuts-rodke-%d1%82%d1%80%d0%b5%d0%bd%d0%b5%d1%80","status":"publish","type":"page","link":"https:\/\/jokerklubs.lv\/ru\/helmuts-rodke-%d1%82%d1%80%d0%b5%d0%bd%d0%b5%d1%80\/","title":{"rendered":"Helmuts Rodke &#8211; \u0442\u0440\u0435\u043d\u0435\u0440"},"content":{"rendered":"\t\t<div data-elementor-type=\"wp-post\" data-elementor-id=\"4340\" class=\"elementor elementor-4340 elementor-1790\" data-elementor-post-type=\"page\">\n\t\t\t\t\t\t\t\t\t<section data-particle_enable=\"false\" class=\"elementor-section elementor-top-section elementor-element elementor-element-6c0f0e3 elementor-section-boxed elementor-section-height-default elementor-section-height-default elementor-invisible\" data-id=\"6c0f0e3\" data-element_type=\"section\" data-settings=\"{&quot;animation&quot;:&quot;zoomIn&quot;}\">\n\t\t\t\t\t\t<div class=\"elementor-container elementor-column-gap-default\">\n\t\t\t\t\t<div class=\"elementor-column elementor-col-50 elementor-top-column elementor-element elementor-element-fbbabe2\" data-id=\"fbbabe2\" data-element_type=\"column\">\n\t\t\t<div class=\"elementor-widget-wrap elementor-element-populated\">\n\t\t\t\t\t\t\t\t<div class=\"elementor-element elementor-element-1f31643 elementor-widget elementor-widget-image\" data-id=\"1f31643\" data-element_type=\"widget\" data-widget_type=\"image.default\">\n\t\t\t\t<div class=\"elementor-widget-container\">\n\t\t\t\t\t\t\t\t\t\t\t\t\t\t\t<img decoding=\"async\" loading=\"lazy\" width=\"1500\" height=\"1044\" src=\"https:\/\/jokerklubs.lv\/wp-content\/uploads\/2019\/10\/helmuts_rodke_web.jpg\" class=\"attachment-full size-full wp-image-1729\" alt=\"helmuts rodke web\" srcset=\"https:\/\/jokerklubs.lv\/wp-content\/uploads\/2019\/10\/helmuts_rodke_web.jpg 1500w, https:\/\/jokerklubs.lv\/wp-content\/uploads\/2019\/10\/helmuts_rodke_web-300x209.jpg 300w, https:\/\/jokerklubs.lv\/wp-content\/uploads\/2019\/10\/helmuts_rodke_web-768x535.jpg 768w, https:\/\/jokerklubs.lv\/wp-content\/uploads\/2019\/10\/helmuts_rodke_web-1024x713.jpg 1024w, https:\/\/jokerklubs.lv\/wp-content\/uploads\/2019\/10\/helmuts_rodke_web-600x418.jpg 600w\" sizes=\"(max-width: 1500px) 100vw, 1500px\" \/>\t\t\t\t\t\t\t\t\t\t\t\t\t\t\t<\/div>\n\t\t\t\t<\/div>\n\t\t\t\t\t<\/div>\n\t\t<\/div>\n\t\t\t\t<div class=\"elementor-column elementor-col-50 elementor-top-column elementor-element elementor-element-8c79d24\" data-id=\"8c79d24\" data-element_type=\"column\">\n\t\t\t<div class=\"elementor-widget-wrap elementor-element-populated\">\n\t\t\t\t\t\t\t\t<div class=\"elementor-element elementor-element-1c11632 elementor-invisible elementor-widget elementor-widget-heading\" data-id=\"1c11632\" data-element_type=\"widget\" data-settings=\"{&quot;_animation&quot;:&quot;fadeIn&quot;}\" data-widget_type=\"heading.default\">\n\t\t\t\t<div class=\"elementor-widget-container\">\n\t\t\t<h1 class=\"elementor-heading-title elementor-size-default\">Helmuts Rodke<\/h1>\t\t<\/div>\n\t\t\t\t<\/div>\n\t\t\t\t<div class=\"elementor-element elementor-element-0452a2b elementor-invisible elementor-widget elementor-widget-text-editor\" data-id=\"0452a2b\" data-element_type=\"widget\" data-settings=\"{&quot;_animation&quot;:&quot;fadeIn&quot;}\" data-widget_type=\"text-editor.default\">\n\t\t\t\t<div class=\"elementor-widget-container\">\n\t\t\t\t\t\t\t<p>Sporta meistars, daudzk\u0101rt\u0113js Latvijas \u010dempions vieglatl\u0113tik\u0101, lektors, publicists, \u201cTreneru rokasgr\u0101matas\u201d l\u012bdzautors.<\/p>\t\t\t\t\t\t<\/div>\n\t\t\t\t<\/div>\n\t\t\t\t<div class=\"elementor-element elementor-element-876eccc elementor-invisible elementor-widget elementor-widget-text-editor\" data-id=\"876eccc\" data-element_type=\"widget\" data-settings=\"{&quot;_animation&quot;:&quot;fadeIn&quot;}\" data-widget_type=\"text-editor.default\">\n\t\t\t\t<div class=\"elementor-widget-container\">\n\t\t\t\t\t\t\t<p><strong>Izgl\u012bt\u012bba:<\/strong><\/p><p>Latvijas Sporta pedago\u0123ijas akad\u0113mija<\/p><p><strong>Iesak\u0101m:<\/strong><\/p>\t\t\t\t\t\t<\/div>\n\t\t\t\t<\/div>\n\t\t\t\t<div class=\"elementor-element elementor-element-81aaf94 elementor-icon-list--layout-traditional elementor-list-item-link-full_width elementor-widget elementor-widget-icon-list\" data-id=\"81aaf94\" data-element_type=\"widget\" data-widget_type=\"icon-list.default\">\n\t\t\t\t<div class=\"elementor-widget-container\">\n\t\t\t\t\t<ul class=\"elementor-icon-list-items\">\n\t\t\t\t\t\t\t<li class=\"elementor-icon-list-item\">\n\t\t\t\t\t\t\t\t\t\t\t<span class=\"elementor-icon-list-icon\">\n\t\t\t\t\t\t\t<i aria-hidden=\"true\" class=\"fas fa-check\"><\/i>\t\t\t\t\t\t<\/span>\n\t\t\t\t\t\t\t\t\t\t<span class=\"elementor-icon-list-text\">sportistu test\u0113\u0161anai un apm\u0101c\u012bbai<\/span>\n\t\t\t\t\t\t\t\t\t<\/li>\n\t\t\t\t\t\t\t\t<li class=\"elementor-icon-list-item\">\n\t\t\t\t\t\t\t\t\t\t\t<span class=\"elementor-icon-list-icon\">\n\t\t\t\t\t\t\t<i aria-hidden=\"true\" class=\"fas fa-check\"><\/i>\t\t\t\t\t\t<\/span>\n\t\t\t\t\t\t\t\t\t\t<span class=\"elementor-icon-list-text\">fiziskajai sagatavo\u0161anai sport\u0101<\/span>\n\t\t\t\t\t\t\t\t\t<\/li>\n\t\t\t\t\t\t\t\t<li class=\"elementor-icon-list-item\">\n\t\t\t\t\t\t\t\t\t\t\t<span class=\"elementor-icon-list-icon\">\n\t\t\t\t\t\t\t<i aria-hidden=\"true\" class=\"fas fa-check\"><\/i>\t\t\t\t\t\t<\/span>\n\t\t\t\t\t\t\t\t\t\t<span class=\"elementor-icon-list-text\">treni\u0146u meistarklas\u0113m komand\u0101m<\/span>\n\t\t\t\t\t\t\t\t\t<\/li>\n\t\t\t\t\t\t\t\t<li class=\"elementor-icon-list-item\">\n\t\t\t\t\t\t\t\t\t\t\t<span class=\"elementor-icon-list-icon\">\n\t\t\t\t\t\t\t<i aria-hidden=\"true\" class=\"fas fa-check\"><\/i>\t\t\t\t\t\t<\/span>\n\t\t\t\t\t\t\t\t\t\t<span class=\"elementor-icon-list-text\">konsult\u0101cij\u0101m<\/span>\n\t\t\t\t\t\t\t\t\t<\/li>\n\t\t\t\t\t\t\t\t<li class=\"elementor-icon-list-item\">\n\t\t\t\t\t\t\t\t\t\t\t<span class=\"elementor-icon-list-icon\">\n\t\t\t\t\t\t\t<i aria-hidden=\"true\" class=\"fas fa-check\"><\/i>\t\t\t\t\t\t<\/span>\n\t\t\t\t\t\t\t\t\t\t<span class=\"elementor-icon-list-text\">individu\u0101lajiem treni\u0146iem<\/span>\n\t\t\t\t\t\t\t\t\t<\/li>\n\t\t\t\t\t\t<\/ul>\n\t\t\t\t<\/div>\n\t\t\t\t<\/div>\n\t\t\t\t<div class=\"elementor-element elementor-element-3f12280 elementor-widget elementor-widget-text-editor\" data-id=\"3f12280\" data-element_type=\"widget\" data-widget_type=\"text-editor.default\">\n\t\t\t\t<div class=\"elementor-widget-container\">\n\t\t\t\t\t\t\t<a href=\"\/sporta-nodarbibas-un-aktivitates\/aerobikas-un-fitnesa-treneri\/\"> Apskat\u012bt citus trenerus<\/a>\t\t\t\t\t\t<\/div>\n\t\t\t\t<\/div>\n\t\t\t\t\t<\/div>\n\t\t<\/div>\n\t\t\t\t\t\t\t<\/div>\n\t\t<\/section>\n\t\t\t\t\t\t\t<\/div>\n\t\t","protected":false},"excerpt":{"rendered":"<p>Helmuts Rodke Sporta meistars, daudzk\u0101rt\u0113js Latvijas \u010dempions vieglatl\u0113tik\u0101, lektors, publicists, \u201cTreneru rokasgr\u0101matas\u201d l\u012bdzautors. Izgl\u012bt\u012bba: Latvijas Sporta pedago\u0123ijas akad\u0113mija Iesak\u0101m: sportistu test\u0113\u0161anai un apm\u0101c\u012bbai fiziskajai sagatavo\u0161anai sport\u0101 treni\u0146u meistarklas\u0113m komand\u0101m konsult\u0101cij\u0101m individu\u0101lajiem treni\u0146iem Apskat\u012bt citus trenerus<\/p>\n","protected":false},"author":9,"featured_media":0,"parent":0,"menu_order":0,"comment_status":"closed","ping_status":"closed","template":"","meta":{"inline_featured_image":false,"footnotes":""},"aioseo_notices":[],"_links":{"self":[{"href":"https:\/\/jokerklubs.lv\/ru\/wp-json\/wp\/v2\/pages\/4340"}],"collection":[{"href":"https:\/\/jokerklubs.lv\/ru\/wp-json\/wp\/v2\/pages"}],"about":[{"href":"https:\/\/jokerklubs.lv\/ru\/wp-json\/wp\/v2\/types\/page"}],"author":[{"embeddable":true,"href":"https:\/\/jokerklubs.lv\/ru\/wp-json\/wp\/v2\/users\/9"}],"replies":[{"embeddable":true,"href":"https:\/\/jokerklubs.lv\/ru\/wp-json\/wp\/v2\/comments?post=4340"}],"version-history":[{"count":11,"href":"https:\/\/jokerklubs.lv\/ru\/wp-json\/wp\/v2\/pages\/4340\/revisions"}],"predecessor-version":[{"id":17173,"href":"https:\/\/jokerklubs.lv\/ru\/wp-json\/wp\/v2\/pages\/4340\/revisions\/17173"}],"wp:attachment":[{"href":"https:\/\/jokerklubs.lv\/ru\/wp-json\/wp\/v2\/media?parent=4340"}],"curies":[{"name":"wp","href":"https:\/\/api.w.org\/{rel}","templated":true}]}}