{"id":4805,"date":"2020-03-11T22:11:57","date_gmt":"2020-03-11T22:11:57","guid":{"rendered":"http:\/\/jauns.jokerklubs.lv\/?page_id=4805"},"modified":"2024-02-15T19:59:44","modified_gmt":"2024-02-15T16:59:44","slug":"bar-v-tsvr","status":"publish","type":"page","link":"https:\/\/jokerklubs.lv\/ru\/otdykh-v-vode\/bar-v-tsvr\/","title":{"rendered":"\u0411\u0410\u0420 \u0412 \u0426\u0412\u0420"},"content":{"rendered":"\t\t<div data-elementor-type=\"wp-post\" data-elementor-id=\"4805\" class=\"elementor elementor-4805 elementor-4704\" data-elementor-post-type=\"page\">\n\t\t\t\t\t\t\t\t\t<section data-particle_enable=\"false\" class=\"elementor-section elementor-top-section elementor-element elementor-element-0b9b199 elementor-section-boxed elementor-section-height-default elementor-section-height-default\" data-id=\"0b9b199\" data-element_type=\"section\">\n\t\t\t\t\t\t<div class=\"elementor-container elementor-column-gap-default\">\n\t\t\t\t\t<div class=\"elementor-column elementor-col-50 elementor-top-column elementor-element elementor-element-2a312be elementor-invisible\" data-id=\"2a312be\" data-element_type=\"column\" data-settings=\"{&quot;animation&quot;:&quot;fadeInLeft&quot;}\">\n\t\t\t<div class=\"elementor-widget-wrap elementor-element-populated\">\n\t\t\t\t\t\t\t\t<div class=\"elementor-element elementor-element-40e9525 elementor-skin-slideshow elementor-arrows-yes elementor-widget elementor-widget-media-carousel\" data-id=\"40e9525\" data-element_type=\"widget\" data-settings=\"{&quot;skin&quot;:&quot;slideshow&quot;,&quot;speed&quot;:535,&quot;autoplay_speed&quot;:7000,&quot;space_between&quot;:{&quot;unit&quot;:&quot;px&quot;,&quot;size&quot;:6,&quot;sizes&quot;:[]},&quot;effect&quot;:&quot;slide&quot;,&quot;show_arrows&quot;:&quot;yes&quot;,&quot;autoplay&quot;:&quot;yes&quot;,&quot;loop&quot;:&quot;yes&quot;,&quot;pause_on_hover&quot;:&quot;yes&quot;,&quot;pause_on_interaction&quot;:&quot;yes&quot;,&quot;space_between_tablet&quot;:{&quot;unit&quot;:&quot;px&quot;,&quot;size&quot;:10,&quot;sizes&quot;:[]},&quot;space_between_mobile&quot;:{&quot;unit&quot;:&quot;px&quot;,&quot;size&quot;:10,&quot;sizes&quot;:[]}}\" data-widget_type=\"media-carousel.default\">\n\t\t\t\t<div class=\"elementor-widget-container\">\n\t\t\t\t\t<div class=\"elementor-swiper\">\n\t\t\t<div class=\"elementor-main-swiper swiper-container\">\n\t\t\t\t<div class=\"swiper-wrapper\">\n\t\t\t\t\t\t\t\t\t\t\t<div class=\"swiper-slide\">\n\t\t\t\t\t\t\t\t\t<div class=\"elementor-carousel-image\" role=\"img\" aria-label=\"DSC0840\" style=\"background-image: url(&#039;https:\/\/jokerklubs.lv\/wp-content\/uploads\/2020\/01\/DSC0840.jpg&#039;)\">\n\n\t\t\t\n\t\t\t\t\t<\/div>\n\t\t\t\t\t\t\t\t<\/div>\n\t\t\t\t\t\t\t\t\t\t\t<div class=\"swiper-slide\">\n\t\t\t\t\t\t\t\t\t<div class=\"elementor-carousel-image\" role=\"img\" aria-label=\"GKR0999\" style=\"background-image: url(&#039;https:\/\/jokerklubs.lv\/wp-content\/uploads\/2020\/01\/GKR0999.jpg&#039;)\">\n\n\t\t\t\n\t\t\t\t\t<\/div>\n\t\t\t\t\t\t\t\t<\/div>\n\t\t\t\t\t\t\t\t\t\t\t<div class=\"swiper-slide\">\n\t\t\t\t\t\t\t\t\t<div class=\"elementor-carousel-image\" role=\"img\" aria-label=\"GKR1012\" style=\"background-image: url(&#039;https:\/\/jokerklubs.lv\/wp-content\/uploads\/2020\/01\/GKR1012.jpg&#039;)\">\n\n\t\t\t\n\t\t\t\t\t<\/div>\n\t\t\t\t\t\t\t\t<\/div>\n\t\t\t\t\t\t\t\t\t\t\t<div class=\"swiper-slide\">\n\t\t\t\t\t\t\t\t\t<div class=\"elementor-carousel-image\" role=\"img\" aria-label=\"DSC0848\" style=\"background-image: url(&#039;https:\/\/jokerklubs.lv\/wp-content\/uploads\/2020\/01\/DSC0848.jpg&#039;)\">\n\n\t\t\t\n\t\t\t\t\t<\/div>\n\t\t\t\t\t\t\t\t<\/div>\n\t\t\t\t\t\t\t\t\t\t\t<div class=\"swiper-slide\">\n\t\t\t\t\t\t\t\t\t<div class=\"elementor-carousel-image\" role=\"img\" aria-label=\"DSC0835\" style=\"background-image: url(&#039;https:\/\/jokerklubs.lv\/wp-content\/uploads\/2020\/01\/DSC0835.jpg&#039;)\">\n\n\t\t\t\n\t\t\t\t\t<\/div>\n\t\t\t\t\t\t\t\t<\/div>\n\t\t\t\t\t\t\t\t\t\t\t<div class=\"swiper-slide\">\n\t\t\t\t\t\t\t\t\t<div class=\"elementor-carousel-image\" role=\"img\" aria-label=\"DSC9760\" style=\"background-image: url(&#039;https:\/\/jokerklubs.lv\/wp-content\/uploads\/2020\/01\/DSC9760.jpg&#039;)\">\n\n\t\t\t\n\t\t\t\t\t<\/div>\n\t\t\t\t\t\t\t\t<\/div>\n\t\t\t\t\t\t\t\t\t\t\t<div class=\"swiper-slide\">\n\t\t\t\t\t\t\t\t\t<div class=\"elementor-carousel-image\" role=\"img\" aria-label=\"DSC9758\" style=\"background-image: url(&#039;https:\/\/jokerklubs.lv\/wp-content\/uploads\/2020\/01\/DSC9758.jpg&#039;)\">\n\n\t\t\t\n\t\t\t\t\t<\/div>\n\t\t\t\t\t\t\t\t<\/div>\n\t\t\t\t\t\t\t\t\t\t\t<div class=\"swiper-slide\">\n\t\t\t\t\t\t\t\t\t<div class=\"elementor-carousel-image\" role=\"img\" aria-label=\"DSC9750\" style=\"background-image: url(&#039;https:\/\/jokerklubs.lv\/wp-content\/uploads\/2020\/01\/DSC9750.jpg&#039;)\">\n\n\t\t\t\n\t\t\t\t\t<\/div>\n\t\t\t\t\t\t\t\t<\/div>\n\t\t\t\t\t\t\t\t\t\t\t<div class=\"swiper-slide\">\n\t\t\t\t\t\t\t\t\t<div class=\"elementor-carousel-image\" role=\"img\" aria-label=\"DSC0851\" style=\"background-image: url(&#039;https:\/\/jokerklubs.lv\/wp-content\/uploads\/2020\/01\/DSC0851.jpg&#039;)\">\n\n\t\t\t\n\t\t\t\t\t<\/div>\n\t\t\t\t\t\t\t\t<\/div>\n\t\t\t\t\t\t\t\t\t\t\t<div class=\"swiper-slide\">\n\t\t\t\t\t\t\t\t\t<div class=\"elementor-carousel-image\" role=\"img\" aria-label=\"DSC0858\" style=\"background-image: url(&#039;https:\/\/jokerklubs.lv\/wp-content\/uploads\/2020\/01\/DSC0858.jpg&#039;)\">\n\n\t\t\t\n\t\t\t\t\t<\/div>\n\t\t\t\t\t\t\t\t<\/div>\n\t\t\t\t\t\t\t\t\t\t\t<div class=\"swiper-slide\">\n\t\t\t\t\t\t\t\t\t<div class=\"elementor-carousel-image\" role=\"img\" aria-label=\"DSC0856\" style=\"background-image: url(&#039;https:\/\/jokerklubs.lv\/wp-content\/uploads\/2020\/01\/DSC0856.jpg&#039;)\">\n\n\t\t\t\n\t\t\t\t\t<\/div>\n\t\t\t\t\t\t\t\t<\/div>\n\t\t\t\t\t\t\t\t\t<\/div>\n\t\t\t\t\t\t\t\t\t\t\t\t\t\t\t\t\t\t\t\t<div class=\"elementor-swiper-button elementor-swiper-button-prev\" role=\"button\" tabindex=\"0\">\n\t\t\t\t\t\t\t<i aria-hidden=\"true\" class=\"eicon-chevron-left\"><\/i>\t\t\t\t\t\t\t<span class=\"elementor-screen-only\">\u041f\u0440\u0435\u0434\u044b\u0434\u0443\u0449\u0430\u044f<\/span>\n\t\t\t\t\t\t<\/div>\n\t\t\t\t\t\t<div class=\"elementor-swiper-button elementor-swiper-button-next\" role=\"button\" tabindex=\"0\">\n\t\t\t\t\t\t\t<i aria-hidden=\"true\" class=\"eicon-chevron-right\"><\/i>\t\t\t\t\t\t\t<span class=\"elementor-screen-only\">\u0421\u043b\u0435\u0434\u0443\u044e\u0449\u0430\u044f<\/span>\n\t\t\t\t\t\t<\/div>\n\t\t\t\t\t\t\t\t\t\t\t\t<\/div>\n\t\t<\/div>\n\t\t\t\t<div class=\"elementor-swiper\">\n\t\t\t<div class=\"elementor-thumbnails-swiper swiper-container\">\n\t\t\t\t<div class=\"swiper-wrapper\">\n\t\t\t\t\t\t\t\t\t\t\t<div class=\"swiper-slide\">\n\t\t\t\t\t\t\t\t\t<div class=\"elementor-carousel-image\" role=\"img\" aria-label=\"DSC0840\" style=\"background-image: url(&#039;https:\/\/jokerklubs.lv\/wp-content\/uploads\/2020\/01\/DSC0840.jpg&#039;)\">\n\n\t\t\t\n\t\t\t\t\t<\/div>\n\t\t\t\t\t\t\t\t<\/div>\n\t\t\t\t\t\t\t\t\t\t\t<div class=\"swiper-slide\">\n\t\t\t\t\t\t\t\t\t<div class=\"elementor-carousel-image\" role=\"img\" aria-label=\"GKR0999\" style=\"background-image: url(&#039;https:\/\/jokerklubs.lv\/wp-content\/uploads\/2020\/01\/GKR0999.jpg&#039;)\">\n\n\t\t\t\n\t\t\t\t\t<\/div>\n\t\t\t\t\t\t\t\t<\/div>\n\t\t\t\t\t\t\t\t\t\t\t<div class=\"swiper-slide\">\n\t\t\t\t\t\t\t\t\t<div class=\"elementor-carousel-image\" role=\"img\" aria-label=\"GKR1012\" style=\"background-image: url(&#039;https:\/\/jokerklubs.lv\/wp-content\/uploads\/2020\/01\/GKR1012.jpg&#039;)\">\n\n\t\t\t\n\t\t\t\t\t<\/div>\n\t\t\t\t\t\t\t\t<\/div>\n\t\t\t\t\t\t\t\t\t\t\t<div class=\"swiper-slide\">\n\t\t\t\t\t\t\t\t\t<div class=\"elementor-carousel-image\" role=\"img\" aria-label=\"DSC0848\" style=\"background-image: url(&#039;https:\/\/jokerklubs.lv\/wp-content\/uploads\/2020\/01\/DSC0848.jpg&#039;)\">\n\n\t\t\t\n\t\t\t\t\t<\/div>\n\t\t\t\t\t\t\t\t<\/div>\n\t\t\t\t\t\t\t\t\t\t\t<div class=\"swiper-slide\">\n\t\t\t\t\t\t\t\t\t<div class=\"elementor-carousel-image\" role=\"img\" aria-label=\"DSC0835\" style=\"background-image: url(&#039;https:\/\/jokerklubs.lv\/wp-content\/uploads\/2020\/01\/DSC0835.jpg&#039;)\">\n\n\t\t\t\n\t\t\t\t\t<\/div>\n\t\t\t\t\t\t\t\t<\/div>\n\t\t\t\t\t\t\t\t\t\t\t<div class=\"swiper-slide\">\n\t\t\t\t\t\t\t\t\t<div class=\"elementor-carousel-image\" role=\"img\" aria-label=\"DSC9760\" style=\"background-image: url(&#039;https:\/\/jokerklubs.lv\/wp-content\/uploads\/2020\/01\/DSC9760.jpg&#039;)\">\n\n\t\t\t\n\t\t\t\t\t<\/div>\n\t\t\t\t\t\t\t\t<\/div>\n\t\t\t\t\t\t\t\t\t\t\t<div class=\"swiper-slide\">\n\t\t\t\t\t\t\t\t\t<div class=\"elementor-carousel-image\" role=\"img\" aria-label=\"DSC9758\" style=\"background-image: url(&#039;https:\/\/jokerklubs.lv\/wp-content\/uploads\/2020\/01\/DSC9758.jpg&#039;)\">\n\n\t\t\t\n\t\t\t\t\t<\/div>\n\t\t\t\t\t\t\t\t<\/div>\n\t\t\t\t\t\t\t\t\t\t\t<div class=\"swiper-slide\">\n\t\t\t\t\t\t\t\t\t<div class=\"elementor-carousel-image\" role=\"img\" aria-label=\"DSC9750\" style=\"background-image: url(&#039;https:\/\/jokerklubs.lv\/wp-content\/uploads\/2020\/01\/DSC9750.jpg&#039;)\">\n\n\t\t\t\n\t\t\t\t\t<\/div>\n\t\t\t\t\t\t\t\t<\/div>\n\t\t\t\t\t\t\t\t\t\t\t<div class=\"swiper-slide\">\n\t\t\t\t\t\t\t\t\t<div class=\"elementor-carousel-image\" role=\"img\" aria-label=\"DSC0851\" style=\"background-image: url(&#039;https:\/\/jokerklubs.lv\/wp-content\/uploads\/2020\/01\/DSC0851.jpg&#039;)\">\n\n\t\t\t\n\t\t\t\t\t<\/div>\n\t\t\t\t\t\t\t\t<\/div>\n\t\t\t\t\t\t\t\t\t\t\t<div class=\"swiper-slide\">\n\t\t\t\t\t\t\t\t\t<div class=\"elementor-carousel-image\" role=\"img\" aria-label=\"DSC0858\" style=\"background-image: url(&#039;https:\/\/jokerklubs.lv\/wp-content\/uploads\/2020\/01\/DSC0858.jpg&#039;)\">\n\n\t\t\t\n\t\t\t\t\t<\/div>\n\t\t\t\t\t\t\t\t<\/div>\n\t\t\t\t\t\t\t\t\t\t\t<div class=\"swiper-slide\">\n\t\t\t\t\t\t\t\t\t<div class=\"elementor-carousel-image\" role=\"img\" aria-label=\"DSC0856\" style=\"background-image: url(&#039;https:\/\/jokerklubs.lv\/wp-content\/uploads\/2020\/01\/DSC0856.jpg&#039;)\">\n\n\t\t\t\n\t\t\t\t\t<\/div>\n\t\t\t\t\t\t\t\t<\/div>\n\t\t\t\t\t\t\t\t\t<\/div>\n\t\t\t\t\t\t\t\t\t\t\t\t\t\t\t\t\t\t\t\t\t<\/div>\n\t\t<\/div>\n\t\t\t\t<\/div>\n\t\t\t\t<\/div>\n\t\t\t\t\t<\/div>\n\t\t<\/div>\n\t\t\t\t<div class=\"elementor-column elementor-col-50 elementor-top-column elementor-element elementor-element-eb9d787 elementor-invisible\" data-id=\"eb9d787\" data-element_type=\"column\" data-settings=\"{&quot;animation&quot;:&quot;fadeInRight&quot;}\">\n\t\t\t<div class=\"elementor-widget-wrap elementor-element-populated\">\n\t\t\t\t\t\t\t\t<section data-particle_enable=\"false\" class=\"elementor-section elementor-inner-section elementor-element elementor-element-1e78a05 elementor-section-boxed elementor-section-height-default elementor-section-height-default\" data-id=\"1e78a05\" data-element_type=\"section\">\n\t\t\t\t\t\t<div class=\"elementor-container elementor-column-gap-default\">\n\t\t\t\t\t<div class=\"elementor-column elementor-col-50 elementor-inner-column elementor-element elementor-element-c85b851\" data-id=\"c85b851\" data-element_type=\"column\">\n\t\t\t<div class=\"elementor-widget-wrap elementor-element-populated\">\n\t\t\t\t\t\t\t\t<div class=\"elementor-element elementor-element-3279ac0 elementor-widget elementor-widget-heading\" data-id=\"3279ac0\" data-element_type=\"widget\" data-widget_type=\"heading.default\">\n\t\t\t\t<div class=\"elementor-widget-container\">\n\t\t\t<h1 class=\"elementor-heading-title elementor-size-default\">\u0411\u0410\u0420 \u0412 \u0426\u0412\u0420\n<\/h1>\t\t<\/div>\n\t\t\t\t<\/div>\n\t\t\t\t\t<\/div>\n\t\t<\/div>\n\t\t\t\t<div class=\"elementor-column elementor-col-50 elementor-inner-column elementor-element elementor-element-ffd4125\" data-id=\"ffd4125\" data-element_type=\"column\">\n\t\t\t<div class=\"elementor-widget-wrap elementor-element-populated\">\n\t\t\t\t\t\t\t\t<div class=\"elementor-element elementor-element-3901835 elementor-position-right elementor-view-default elementor-mobile-position-top elementor-vertical-align-top elementor-widget elementor-widget-icon-box\" data-id=\"3901835\" data-element_type=\"widget\" data-widget_type=\"icon-box.default\">\n\t\t\t\t<div class=\"elementor-widget-container\">\n\t\t\t\t\t<div class=\"elementor-icon-box-wrapper\">\n\t\t\t\t\t\t<div class=\"elementor-icon-box-icon\">\n\t\t\t\t<a href=\"#vairak\" class=\"elementor-icon elementor-animation-\" tabindex=\"-1\">\n\t\t\t\t<i aria-hidden=\"true\" class=\"fas fa-forward\"><\/i>\t\t\t\t<\/a>\n\t\t\t<\/div>\n\t\t\t\t\t\t<div class=\"elementor-icon-box-content\">\n\t\t\t\t<p class=\"elementor-icon-box-title\">\n\t\t\t\t\t<a href=\"#vairak\" >\n\t\t\t\t\t\t\u0447\u0438\u0442\u0430\u0442\u044c \u0434\u0430\u043b\u044c\u0448\u0435\t\t\t\t\t<\/a>\n\t\t\t\t<\/p>\n\t\t\t\t\t\t\t<\/div>\n\t\t<\/div>\n\t\t\t\t<\/div>\n\t\t\t\t<\/div>\n\t\t\t\t\t<\/div>\n\t\t<\/div>\n\t\t\t\t\t\t\t<\/div>\n\t\t<\/section>\n\t\t\t\t<div class=\"elementor-element elementor-element-98eba44 elementor-icon-list--layout-traditional elementor-list-item-link-full_width elementor-widget elementor-widget-icon-list\" data-id=\"98eba44\" data-element_type=\"widget\" data-widget_type=\"icon-list.default\">\n\t\t\t\t<div class=\"elementor-widget-container\">\n\t\t\t\t\t<ul class=\"elementor-icon-list-items\">\n\t\t\t\t\t\t\t<li class=\"elementor-icon-list-item\">\n\t\t\t\t\t\t\t\t\t\t\t<span class=\"elementor-icon-list-icon\">\n\t\t\t\t\t\t\t<i aria-hidden=\"true\" class=\"fas fa-check\"><\/i>\t\t\t\t\t\t<\/span>\n\t\t\t\t\t\t\t\t\t\t<span class=\"elementor-icon-list-text\">\u041e\u0441\u0432\u0435\u0436\u0430\u044e\u0449\u0438\u0439 \u0431\u0430\u0441\u0441\u0435\u0439\u043d 26C - 27C<\/span>\n\t\t\t\t\t\t\t\t\t<\/li>\n\t\t\t\t\t\t\t\t<li class=\"elementor-icon-list-item\">\n\t\t\t\t\t\t\t\t\t\t\t<span class=\"elementor-icon-list-icon\">\n\t\t\t\t\t\t\t<i aria-hidden=\"true\" class=\"fas fa-check\"><\/i>\t\t\t\t\t\t<\/span>\n\t\t\t\t\t\t\t\t\t\t<span class=\"elementor-icon-list-text\">7 \u0440\u0430\u0437\u043d\u044b\u0445 \u0441\u0430\u0443\u043d<\/span>\n\t\t\t\t\t\t\t\t\t<\/li>\n\t\t\t\t\t\t\t\t<li class=\"elementor-icon-list-item\">\n\t\t\t\t\t\t\t\t\t\t\t<span class=\"elementor-icon-list-icon\">\n\t\t\t\t\t\t\t<i aria-hidden=\"true\" class=\"fas fa-check\"><\/i>\t\t\t\t\t\t<\/span>\n\t\t\t\t\t\t\t\t\t\t<span class=\"elementor-icon-list-text\">\u0412\u043e\u0434\u043d\u044b\u0435 \u043a\u0430\u0441\u043a\u0430\u0434\u044b<\/span>\n\t\t\t\t\t\t\t\t\t<\/li>\n\t\t\t\t\t\t\t\t<li class=\"elementor-icon-list-item\">\n\t\t\t\t\t\t\t\t\t\t\t<span class=\"elementor-icon-list-icon\">\n\t\t\t\t\t\t\t<i aria-hidden=\"true\" class=\"fas fa-check\"><\/i>\t\t\t\t\t\t<\/span>\n\t\t\t\t\t\t\t\t\t\t<span class=\"elementor-icon-list-text\">\u0421\u043f\u0430 \u0432\u0430\u043d\u043d\u044b<\/span>\n\t\t\t\t\t\t\t\t\t<\/li>\n\t\t\t\t\t\t<\/ul>\n\t\t\t\t<\/div>\n\t\t\t\t<\/div>\n\t\t\t\t\t<\/div>\n\t\t<\/div>\n\t\t\t\t\t\t\t<\/div>\n\t\t<\/section>\n\t\t\t\t<section data-particle_enable=\"false\" class=\"elementor-section elementor-top-section elementor-element elementor-element-3338d81 elementor-section-boxed elementor-section-height-default elementor-section-height-default\" data-id=\"3338d81\" data-element_type=\"section\">\n\t\t\t\t\t\t<div class=\"elementor-container elementor-column-gap-default\">\n\t\t\t\t\t<div class=\"elementor-column elementor-col-33 elementor-top-column elementor-element elementor-element-8ca2874 elementor-invisible\" data-id=\"8ca2874\" data-element_type=\"column\" data-settings=\"{&quot;animation&quot;:&quot;fadeInUp&quot;}\">\n\t\t\t<div class=\"elementor-widget-wrap elementor-element-populated\">\n\t\t\t\t\t\t\t\t<div class=\"elementor-element elementor-element-7b1f180 elementor-nav-menu__align-left elementor-nav-menu--dropdown-tablet elementor-nav-menu__text-align-aside elementor-nav-menu--toggle elementor-nav-menu--burger elementor-invisible elementor-widget elementor-widget-nav-menu\" data-id=\"7b1f180\" data-element_type=\"widget\" data-settings=\"{&quot;layout&quot;:&quot;vertical&quot;,&quot;sticky&quot;:&quot;top&quot;,&quot;_animation&quot;:&quot;fadeInLeft&quot;,&quot;submenu_icon&quot;:{&quot;value&quot;:&quot;&lt;i class=\\&quot;fas fa-caret-down\\&quot;&gt;&lt;\\\/i&gt;&quot;,&quot;library&quot;:&quot;fa-solid&quot;},&quot;toggle&quot;:&quot;burger&quot;,&quot;sticky_on&quot;:[&quot;desktop&quot;,&quot;tablet&quot;,&quot;mobile&quot;],&quot;sticky_offset&quot;:0,&quot;sticky_effects_offset&quot;:0}\" data-widget_type=\"nav-menu.default\">\n\t\t\t\t<div class=\"elementor-widget-container\">\n\t\t\t\t\t\t<nav class=\"elementor-nav-menu--main elementor-nav-menu__container elementor-nav-menu--layout-vertical e--pointer-double-line e--animation-fade\">\n\t\t\t\t<ul id=\"menu-1-7b1f180\" class=\"elementor-nav-menu sm-vertical\"><li class=\"menu-item menu-item-type-custom menu-item-object-custom menu-item-4267\"><a href=\"#cenas\" class=\"elementor-item elementor-item-anchor\">Cenas<\/a><\/li>\n<li class=\"menu-item menu-item-type-custom menu-item-object-custom menu-item-4268\"><a href=\"#buj\" class=\"elementor-item elementor-item-anchor\">Bie\u017e\u0101k uzdotie jaut\u0101jumi<\/a><\/li>\n<li class=\"menu-item menu-item-type-custom menu-item-object-custom menu-item-4269\"><a href=\"#darbalaiks\" class=\"elementor-item elementor-item-anchor\">Darba Laiks<\/a><\/li>\n<li class=\"menu-item menu-item-type-custom menu-item-object-custom menu-item-4270\"><a href=\"\/udens-relaksacijas-centrs\/\" class=\"elementor-item\">SPA<\/a><\/li>\n<li class=\"menu-item menu-item-type-post_type menu-item-object-page menu-item-4699\"><a href=\"https:\/\/jokerklubs.lv\/ru\/otdykh-v-vode\/vodnaya-aerobika\/\" class=\"elementor-item\">\u0412\u041e\u0414\u041d\u0410\u042f \u0410\u042d\u0420\u041e\u0411\u0418\u041a\u0410<\/a><\/li>\n<li class=\"menu-item menu-item-type-post_type menu-item-object-page menu-item-4358\"><a href=\"https:\/\/jokerklubs.lv\/ru\/otdykh-v-vode\/obuchenie-detej-plavaniyu\/\" class=\"elementor-item\">\u041e\u0411\u0423\u0427\u0415\u041d\u0418\u0415 \u0414\u0415\u0422\u0415\u0419 \u041f\u041b\u0410\u0412\u0410\u041d\u0418\u042e<\/a><\/li>\n<li class=\"menu-item menu-item-type-post_type menu-item-object-page menu-item-4271\"><a href=\"https:\/\/jokerklubs.lv\/ru\/otdykh-v-vode\/bassejn-i-bani\/\" class=\"elementor-item\">\u0411\u0410\u0421\u0421\u0415\u0419\u041d \u0418 \u0411\u0410\u041d\u0418<\/a><\/li>\n<li class=\"menu-item menu-item-type-custom menu-item-object-custom menu-item-19751\"><a href=\"\/udens-relaksacijas-centrs\/vip-spa-zona\/\" class=\"elementor-item\">VIP ZONA<\/a><\/li>\n<\/ul>\t\t\t<\/nav>\n\t\t\t\t\t<div class=\"elementor-menu-toggle\" role=\"button\" tabindex=\"0\" aria-label=\"\u041f\u0435\u0440\u0435\u043a\u043b\u044e\u0447\u0430\u0442\u0435\u043b\u044c \u043c\u0435\u043d\u044e\" aria-expanded=\"false\">\n\t\t\t<i aria-hidden=\"true\" role=\"presentation\" class=\"elementor-menu-toggle__icon--open eicon-menu-bar\"><\/i><i aria-hidden=\"true\" role=\"presentation\" class=\"elementor-menu-toggle__icon--close eicon-close\"><\/i>\t\t\t<span class=\"elementor-screen-only\">\u041c\u0435\u043d\u044e<\/span>\n\t\t<\/div>\n\t\t\t\t\t<nav class=\"elementor-nav-menu--dropdown elementor-nav-menu__container\" aria-hidden=\"true\">\n\t\t\t\t<ul id=\"menu-2-7b1f180\" class=\"elementor-nav-menu sm-vertical\"><li class=\"menu-item menu-item-type-custom menu-item-object-custom menu-item-4267\"><a href=\"#cenas\" class=\"elementor-item elementor-item-anchor\" tabindex=\"-1\">Cenas<\/a><\/li>\n<li class=\"menu-item menu-item-type-custom menu-item-object-custom menu-item-4268\"><a href=\"#buj\" class=\"elementor-item elementor-item-anchor\" tabindex=\"-1\">Bie\u017e\u0101k uzdotie jaut\u0101jumi<\/a><\/li>\n<li class=\"menu-item menu-item-type-custom menu-item-object-custom menu-item-4269\"><a href=\"#darbalaiks\" class=\"elementor-item elementor-item-anchor\" tabindex=\"-1\">Darba Laiks<\/a><\/li>\n<li class=\"menu-item menu-item-type-custom menu-item-object-custom menu-item-4270\"><a href=\"\/udens-relaksacijas-centrs\/\" class=\"elementor-item\" tabindex=\"-1\">SPA<\/a><\/li>\n<li class=\"menu-item menu-item-type-post_type menu-item-object-page menu-item-4699\"><a href=\"https:\/\/jokerklubs.lv\/ru\/otdykh-v-vode\/vodnaya-aerobika\/\" class=\"elementor-item\" tabindex=\"-1\">\u0412\u041e\u0414\u041d\u0410\u042f \u0410\u042d\u0420\u041e\u0411\u0418\u041a\u0410<\/a><\/li>\n<li class=\"menu-item menu-item-type-post_type menu-item-object-page menu-item-4358\"><a href=\"https:\/\/jokerklubs.lv\/ru\/otdykh-v-vode\/obuchenie-detej-plavaniyu\/\" class=\"elementor-item\" tabindex=\"-1\">\u041e\u0411\u0423\u0427\u0415\u041d\u0418\u0415 \u0414\u0415\u0422\u0415\u0419 \u041f\u041b\u0410\u0412\u0410\u041d\u0418\u042e<\/a><\/li>\n<li class=\"menu-item menu-item-type-post_type menu-item-object-page menu-item-4271\"><a href=\"https:\/\/jokerklubs.lv\/ru\/otdykh-v-vode\/bassejn-i-bani\/\" class=\"elementor-item\" tabindex=\"-1\">\u0411\u0410\u0421\u0421\u0415\u0419\u041d \u0418 \u0411\u0410\u041d\u0418<\/a><\/li>\n<li class=\"menu-item menu-item-type-custom menu-item-object-custom menu-item-19751\"><a href=\"\/udens-relaksacijas-centrs\/vip-spa-zona\/\" class=\"elementor-item\" tabindex=\"-1\">VIP ZONA<\/a><\/li>\n<\/ul>\t\t\t<\/nav>\n\t\t\t\t<\/div>\n\t\t\t\t<\/div>\n\t\t\t\t\t<\/div>\n\t\t<\/div>\n\t\t\t\t<div class=\"elementor-column elementor-col-66 elementor-top-column elementor-element elementor-element-b6a006f elementor-invisible\" data-id=\"b6a006f\" data-element_type=\"column\" data-settings=\"{&quot;animation&quot;:&quot;fadeIn&quot;}\">\n\t\t\t<div class=\"elementor-widget-wrap elementor-element-populated\">\n\t\t\t\t\t\t\t\t<div class=\"elementor-element elementor-element-4396e29 elementor-widget elementor-widget-menu-anchor\" data-id=\"4396e29\" data-element_type=\"widget\" data-widget_type=\"menu-anchor.default\">\n\t\t\t\t<div class=\"elementor-widget-container\">\n\t\t\t\t\t<div id=\"vairak\" class=\"elementor-menu-anchor\"><\/div>\n\t\t\t\t<\/div>\n\t\t\t\t<\/div>\n\t\t\t\t<div class=\"elementor-element elementor-element-a6f3730 elementor-widget elementor-widget-heading\" data-id=\"a6f3730\" data-element_type=\"widget\" data-widget_type=\"heading.default\">\n\t\t\t\t<div class=\"elementor-widget-container\">\n\t\t\t<p class=\"elementor-heading-title elementor-size-default\">\u0411\u0410\u0420 \u0412 \u0426\u0415\u041d\u0422\u0420\u0415 \u0412\u041e\u0414\u041d\u041e\u0419 \u0420\u0415\u041b\u0410\u041a\u0421\u0410\u0426\u0418\u0418 - \u0423\u0422\u041e\u041b\u042f\u042e\u0429\u0418\u0415 \u041d\u0410\u041f\u0418\u0422\u041a\u0418 \u0418 \u041f\u041e\u0414\u041a\u0420\u0415\u041f\u041b\u042f\u042e\u0429\u0418\u0415 \u0417\u0410\u041a\u0423\u0421\u041a\u0418 \u0414\u041b\u042f \u0411\u041e\u041b\u042c\u0428\u0418\u0425 \u0418 \u041c\u0410\u041b\u0415\u041d\u042c\u041a\u0418\u0425!\n\u041f\u0440\u043e\u0441\u043c\u043e\u0442\u0440\u0435\u0442\u044c \u043a\u0430\u0440\u0442<\/p>\t\t<\/div>\n\t\t\t\t<\/div>\n\t\t\t\t<div class=\"elementor-element elementor-element-359e478 elementor-widget-divider--view-line elementor-widget elementor-widget-divider\" data-id=\"359e478\" data-element_type=\"widget\" data-widget_type=\"divider.default\">\n\t\t\t\t<div class=\"elementor-widget-container\">\n\t\t\t\t\t<div class=\"elementor-divider\">\n\t\t\t<span class=\"elementor-divider-separator\">\n\t\t\t\t\t\t<\/span>\n\t\t<\/div>\n\t\t\t\t<\/div>\n\t\t\t\t<\/div>\n\t\t\t\t\t<\/div>\n\t\t<\/div>\n\t\t\t\t\t\t\t<\/div>\n\t\t<\/section>\n\t\t\t\t\t\t\t<\/div>\n\t\t","protected":false},"excerpt":{"rendered":"<p>Previous Next \u0411\u0410\u0420 \u0412 \u0426\u0412\u0420 \u00a0 \u0447\u0438\u0442\u0430\u0442\u044c \u0434\u0430\u043b\u044c\u0448\u0435 \u041e\u0441\u0432\u0435\u0436\u0430\u044e\u0449\u0438\u0439 \u0431\u0430\u0441\u0441\u0435\u0439\u043d 26C &#8211; 27C 7 \u0440\u0430\u0437\u043d\u044b\u0445 \u0441\u0430\u0443\u043d \u0412\u043e\u0434\u043d\u044b\u0435 \u043a\u0430\u0441\u043a\u0430\u0434\u044b \u0421\u043f\u0430 \u0432\u0430\u043d\u043d\u044b \u0411\u0410\u0420 \u0412 \u0426\u0415\u041d\u0422\u0420\u0415 \u0412\u041e\u0414\u041d\u041e\u0419 \u0420\u0415\u041b\u0410\u041a\u0421\u0410\u0426\u0418\u0418 &#8211; \u0423\u0422\u041e\u041b\u042f\u042e\u0429\u0418\u0415 \u041d\u0410\u041f\u0418\u0422\u041a\u0418 \u0418 \u041f\u041e\u0414\u041a\u0420\u0415\u041f\u041b\u042f\u042e\u0429\u0418\u0415 \u0417\u0410\u041a\u0423\u0421\u041a\u0418 \u0414\u041b\u042f \u0411\u041e\u041b\u042c\u0428\u0418\u0425 \u0418 \u041c\u0410\u041b\u0415\u041d\u042c\u041a\u0418\u0425! \u041f\u0440\u043e\u0441\u043c\u043e\u0442\u0440\u0435\u0442\u044c \u043a\u0430\u0440\u0442<\/p>\n","protected":false},"author":9,"featured_media":0,"parent":4174,"menu_order":0,"comment_status":"closed","ping_status":"closed","template":"","meta":{"inline_featured_image":false,"footnotes":""},"aioseo_notices":[],"_links":{"self":[{"href":"https:\/\/jokerklubs.lv\/ru\/wp-json\/wp\/v2\/pages\/4805"}],"collection":[{"href":"https:\/\/jokerklubs.lv\/ru\/wp-json\/wp\/v2\/pages"}],"about":[{"href":"https:\/\/jokerklubs.lv\/ru\/wp-json\/wp\/v2\/types\/page"}],"author":[{"embeddable":true,"href":"https:\/\/jokerklubs.lv\/ru\/wp-json\/wp\/v2\/users\/9"}],"replies":[{"embeddable":true,"href":"https:\/\/jokerklubs.lv\/ru\/wp-json\/wp\/v2\/comments?post=4805"}],"version-history":[{"count":9,"href":"https:\/\/jokerklubs.lv\/ru\/wp-json\/wp\/v2\/pages\/4805\/revisions"}],"predecessor-version":[{"id":16964,"href":"https:\/\/jokerklubs.lv\/ru\/wp-json\/wp\/v2\/pages\/4805\/revisions\/16964"}],"up":[{"embeddable":true,"href":"https:\/\/jokerklubs.lv\/ru\/wp-json\/wp\/v2\/pages\/4174"}],"wp:attachment":[{"href":"https:\/\/jokerklubs.lv\/ru\/wp-json\/wp\/v2\/media?parent=4805"}],"curies":[{"name":"wp","href":"https:\/\/api.w.org\/{rel}","templated":true}]}}